{"id":10270,"date":"2022-06-28T14:17:13","date_gmt":"2022-06-28T12:17:13","guid":{"rendered":"https:\/\/gocceditalia.it\/?post_type=product&#038;p=10270"},"modified":"2025-12-02T00:00:06","modified_gmt":"2025-12-01T23:00:06","slug":"extra-mandarinenmarmelade","status":"publish","type":"product","link":"https:\/\/gocceditalia.it\/de\/extra-mandarinenmarmelade\/","title":{"rendered":"Extra Mandarinenmarmelade"},"content":{"rendered":"<p>Zutaten: Mandarinen, Zucker. Geliermittel: Pektin, S\u00e4ureregulator: Citronens\u00e4ure. Pro 100 g Endprodukt werden 60 g Obst verwendet.<\/p>\n","protected":false},"excerpt":{"rendered":"<p>Nettogewicht: 340g \/ 314ml<\/p>\n<p>Eine Marmelade, die alle ern\u00e4hrungsphysiologischen Eigenschaften saisonaler Mandarinen bewahrt; mit einer ausgezeichneten Balance zwischen s\u00fc\u00df und bitter.<br \/>\nAusgezeichnet zum Fr\u00fchst\u00fcck oder f\u00fcr einen nahrhaften Nachmittagssnack, zur Zubereitung von Desserts oder zu verschiedenen K\u00e4sesorten.<\/p>\n","protected":false},"featured_media":17022,"template":"","meta":{"_acf_changed":false},"product_brand":[],"product_cat":[1365,422],"product_tag":[419,453],"class_list":{"0":"post-10270","1":"product","2":"type-product","3":"status-publish","4":"has-post-thumbnail","6":"product_cat-black-friday-de","7":"product_cat-italienischer-honig-marmelade","8":"product_tag-apulien","9":"product_tag-gocce-ditalia-de","11":"first","12":"instock","13":"taxable","14":"shipping-taxable","15":"purchasable","16":"product-type-simple"},"acf":[],"_links":{"self":[{"href":"https:\/\/gocceditalia.it\/de\/wp-json\/wp\/v2\/product\/10270","targetHints":{"allow":["GET"]}}],"collection":[{"href":"https:\/\/gocceditalia.it\/de\/wp-json\/wp\/v2\/product"}],"about":[{"href":"https:\/\/gocceditalia.it\/de\/wp-json\/wp\/v2\/types\/product"}],"version-history":[{"count":1,"href":"https:\/\/gocceditalia.it\/de\/wp-json\/wp\/v2\/product\/10270\/revisions"}],"predecessor-version":[{"id":10275,"href":"https:\/\/gocceditalia.it\/de\/wp-json\/wp\/v2\/product\/10270\/revisions\/10275"}],"wp:featuredmedia":[{"embeddable":true,"href":"https:\/\/gocceditalia.it\/de\/wp-json\/wp\/v2\/media\/17022"}],"wp:attachment":[{"href":"https:\/\/gocceditalia.it\/de\/wp-json\/wp\/v2\/media?parent=10270"}],"wp:term":[{"taxonomy":"product_brand","embeddable":true,"href":"https:\/\/gocceditalia.it\/de\/wp-json\/wp\/v2\/product_brand?post=10270"},{"taxonomy":"product_cat","embeddable":true,"href":"https:\/\/gocceditalia.it\/de\/wp-json\/wp\/v2\/product_cat?post=10270"},{"taxonomy":"product_tag","embeddable":true,"href":"https:\/\/gocceditalia.it\/de\/wp-json\/wp\/v2\/product_tag?post=10270"}],"curies":[{"name":"wp","href":"https:\/\/api.w.org\/{rel}","templated":true}]}}