{"id":10290,"date":"2022-06-28T14:43:11","date_gmt":"2022-06-28T12:43:11","guid":{"rendered":"https:\/\/gocceditalia.it\/?post_type=product&#038;p=10290"},"modified":"2025-12-02T00:00:06","modified_gmt":"2025-12-01T23:00:06","slug":"extra-erdbeermarmelade","status":"publish","type":"product","link":"https:\/\/gocceditalia.it\/de\/extra-erdbeermarmelade\/","title":{"rendered":"Extra Erdbeermarmelade"},"content":{"rendered":"<p>Zutaten: Erdbeeren, Zucker. Geliermittel: Pektin, S\u00e4ureregulator: Citronens\u00e4ure. Pro 100 g Endprodukt werden 60 g Obst verwendet.<\/p>\n","protected":false},"excerpt":{"rendered":"<p>Nettogewicht: 340g \/ 314ml<\/p>\n<p>Eine Marmelade, die durch die manuelle Verarbeitung von Erdbeeren hergestellt wird.<br \/>\nPerfekt f\u00fcr Torten und Biskuitkuchen, aber auch f\u00fcr ein hervorragendes Fr\u00fchst\u00fcck.<\/p>\n","protected":false},"featured_media":10262,"template":"","meta":{"_acf_changed":false},"product_brand":[],"product_cat":[1365,422],"product_tag":[419,453],"class_list":{"0":"post-10290","1":"product","2":"type-product","3":"status-publish","4":"has-post-thumbnail","6":"product_cat-black-friday-de","7":"product_cat-italienischer-honig-marmelade","8":"product_tag-apulien","9":"product_tag-gocce-ditalia-de","11":"first","12":"instock","13":"taxable","14":"shipping-taxable","15":"purchasable","16":"product-type-simple"},"acf":[],"_links":{"self":[{"href":"https:\/\/gocceditalia.it\/de\/wp-json\/wp\/v2\/product\/10290","targetHints":{"allow":["GET"]}}],"collection":[{"href":"https:\/\/gocceditalia.it\/de\/wp-json\/wp\/v2\/product"}],"about":[{"href":"https:\/\/gocceditalia.it\/de\/wp-json\/wp\/v2\/types\/product"}],"version-history":[{"count":1,"href":"https:\/\/gocceditalia.it\/de\/wp-json\/wp\/v2\/product\/10290\/revisions"}],"predecessor-version":[{"id":10294,"href":"https:\/\/gocceditalia.it\/de\/wp-json\/wp\/v2\/product\/10290\/revisions\/10294"}],"wp:featuredmedia":[{"embeddable":true,"href":"https:\/\/gocceditalia.it\/de\/wp-json\/wp\/v2\/media\/10262"}],"wp:attachment":[{"href":"https:\/\/gocceditalia.it\/de\/wp-json\/wp\/v2\/media?parent=10290"}],"wp:term":[{"taxonomy":"product_brand","embeddable":true,"href":"https:\/\/gocceditalia.it\/de\/wp-json\/wp\/v2\/product_brand?post=10290"},{"taxonomy":"product_cat","embeddable":true,"href":"https:\/\/gocceditalia.it\/de\/wp-json\/wp\/v2\/product_cat?post=10290"},{"taxonomy":"product_tag","embeddable":true,"href":"https:\/\/gocceditalia.it\/de\/wp-json\/wp\/v2\/product_tag?post=10290"}],"curies":[{"name":"wp","href":"https:\/\/api.w.org\/{rel}","templated":true}]}}