{"id":10314,"date":"2022-06-28T15:00:30","date_gmt":"2022-06-28T13:00:30","guid":{"rendered":"https:\/\/gocceditalia.it\/?post_type=product&#038;p=10314"},"modified":"2025-12-02T00:00:05","modified_gmt":"2025-12-01T23:00:05","slug":"zitronenmarmelade","status":"publish","type":"product","link":"https:\/\/gocceditalia.it\/de\/zitronenmarmelade\/","title":{"rendered":"Zitronenmarmelade"},"content":{"rendered":"<p>Zutaten: Zitronen, Zucker. Geliermittel: Pektin, S\u00e4ureregulator: Citronens\u00e4ure. Pro 100 g Endprodukt werden 60 g Obst verwendet.<\/p>\n","protected":false},"excerpt":{"rendered":"<p>Nettogewicht: 340g \/ 314ml<\/p>\n<p>Eine cremige Marmelade, die den berauschenden Duft saisonaler Zitronen enth\u00e4lt. Ausgezeichnet zum Fr\u00fchst\u00fcck oder f\u00fcr einen nahrhaften Nachmittagssnack, zur Zubereitung von Desserts oder zu verschiedenen K\u00e4sesorten.<\/p>\n","protected":false},"featured_media":10265,"template":"","meta":{"_acf_changed":false},"product_brand":[],"product_cat":[1365,422],"product_tag":[419,453],"class_list":{"0":"post-10314","1":"product","2":"type-product","3":"status-publish","4":"has-post-thumbnail","6":"product_cat-black-friday-de","7":"product_cat-italienischer-honig-marmelade","8":"product_tag-apulien","9":"product_tag-gocce-ditalia-de","11":"first","12":"instock","13":"taxable","14":"shipping-taxable","15":"purchasable","16":"product-type-simple"},"acf":[],"_links":{"self":[{"href":"https:\/\/gocceditalia.it\/de\/wp-json\/wp\/v2\/product\/10314","targetHints":{"allow":["GET"]}}],"collection":[{"href":"https:\/\/gocceditalia.it\/de\/wp-json\/wp\/v2\/product"}],"about":[{"href":"https:\/\/gocceditalia.it\/de\/wp-json\/wp\/v2\/types\/product"}],"version-history":[{"count":1,"href":"https:\/\/gocceditalia.it\/de\/wp-json\/wp\/v2\/product\/10314\/revisions"}],"predecessor-version":[{"id":10318,"href":"https:\/\/gocceditalia.it\/de\/wp-json\/wp\/v2\/product\/10314\/revisions\/10318"}],"wp:featuredmedia":[{"embeddable":true,"href":"https:\/\/gocceditalia.it\/de\/wp-json\/wp\/v2\/media\/10265"}],"wp:attachment":[{"href":"https:\/\/gocceditalia.it\/de\/wp-json\/wp\/v2\/media?parent=10314"}],"wp:term":[{"taxonomy":"product_brand","embeddable":true,"href":"https:\/\/gocceditalia.it\/de\/wp-json\/wp\/v2\/product_brand?post=10314"},{"taxonomy":"product_cat","embeddable":true,"href":"https:\/\/gocceditalia.it\/de\/wp-json\/wp\/v2\/product_cat?post=10314"},{"taxonomy":"product_tag","embeddable":true,"href":"https:\/\/gocceditalia.it\/de\/wp-json\/wp\/v2\/product_tag?post=10314"}],"curies":[{"name":"wp","href":"https:\/\/api.w.org\/{rel}","templated":true}]}}