{"id":12149,"date":"2022-10-17T14:22:56","date_gmt":"2022-10-17T12:22:56","guid":{"rendered":"https:\/\/gocceditalia.it\/?post_type=product&#038;p=12149"},"modified":"2022-10-17T15:18:56","modified_gmt":"2022-10-17T13:18:56","slug":"carnaroli-reis-mit-truffel","status":"publish","type":"product","link":"https:\/\/gocceditalia.it\/de\/carnaroli-reis-mit-truffel\/","title":{"rendered":"Carnaroli-Reis mit Tr\u00fcffel"},"content":{"rendered":"<p>100% italienischer Carnaroli-Reis, gebrauchsfertig: In einer Pfanne einige Essl\u00f6ffel \u00d6l erhitzen, den Reis etwa 1\/2 Minute unter st\u00e4ndigem R\u00fchren r\u00f6sten, nach Geschmack salzen und Wei\u00dfwein hinzuf\u00fcgen (1\/2 \u2013 1 Glas).<br \/>\nSetzen Sie das Kochen fort, indem Sie jeweils ein wenig kochendes Wasser hinzuf\u00fcgen und gegebenenfalls bis zum Ende des Garvorgangs (20 Minuten) wenden. Bei Bedarf mit Grana-K\u00e4se garnieren.<\/p>\n","protected":false},"excerpt":{"rendered":"<h3>250gr<\/h3>\n","protected":false},"featured_media":12153,"template":"","meta":{"_acf_changed":false},"product_brand":[],"product_cat":[339],"product_tag":[322,323,335],"class_list":{"0":"post-12149","1":"product","2":"type-product","3":"status-publish","4":"has-post-thumbnail","6":"product_cat-italienische-pasta-reis-saucen","7":"product_tag-frantoio-manestrini-de","8":"product_tag-lombardei","9":"product_tag-valtenesi-de","11":"first","12":"instock","13":"taxable","14":"shipping-taxable","15":"purchasable","16":"product-type-simple"},"acf":[],"_links":{"self":[{"href":"https:\/\/gocceditalia.it\/de\/wp-json\/wp\/v2\/product\/12149","targetHints":{"allow":["GET"]}}],"collection":[{"href":"https:\/\/gocceditalia.it\/de\/wp-json\/wp\/v2\/product"}],"about":[{"href":"https:\/\/gocceditalia.it\/de\/wp-json\/wp\/v2\/types\/product"}],"version-history":[{"count":1,"href":"https:\/\/gocceditalia.it\/de\/wp-json\/wp\/v2\/product\/12149\/revisions"}],"predecessor-version":[{"id":12156,"href":"https:\/\/gocceditalia.it\/de\/wp-json\/wp\/v2\/product\/12149\/revisions\/12156"}],"wp:featuredmedia":[{"embeddable":true,"href":"https:\/\/gocceditalia.it\/de\/wp-json\/wp\/v2\/media\/12153"}],"wp:attachment":[{"href":"https:\/\/gocceditalia.it\/de\/wp-json\/wp\/v2\/media?parent=12149"}],"wp:term":[{"taxonomy":"product_brand","embeddable":true,"href":"https:\/\/gocceditalia.it\/de\/wp-json\/wp\/v2\/product_brand?post=12149"},{"taxonomy":"product_cat","embeddable":true,"href":"https:\/\/gocceditalia.it\/de\/wp-json\/wp\/v2\/product_cat?post=12149"},{"taxonomy":"product_tag","embeddable":true,"href":"https:\/\/gocceditalia.it\/de\/wp-json\/wp\/v2\/product_tag?post=12149"}],"curies":[{"name":"wp","href":"https:\/\/api.w.org\/{rel}","templated":true}]}}