{"id":12396,"date":"2022-11-18T14:55:01","date_gmt":"2022-11-18T13:58:11","guid":{"rendered":"https:\/\/gocceditalia.it\/?post_type=product&#038;p=12396"},"modified":"2025-12-02T00:00:08","modified_gmt":"2025-12-01T23:00:08","slug":"koerpercreme","status":"publish","type":"product","link":"https:\/\/gocceditalia.it\/de\/koerpercreme\/","title":{"rendered":"K\u00f6rpercreme"},"content":{"rendered":"","protected":false},"excerpt":{"rendered":"<p>Sehr pflegende und geschmeidige Emulsion, fettet nicht und hinterl\u00e4sst auf der Haut ein angenehmes Gef\u00fchl von Wohlbefinden. Die Haut muss ihr physiologisches Gleichgewicht nach der Anwendung von Waschsubstanzen wieder ausgleichen: diese K\u00f6rpercreme liefert einen idealen feuchtigkeitsspendenden Faktor f\u00fcr die Haut zusammen mit nativem Oliven\u00f6l extra f\u00fcr extra weiche und elastische Haut, \u00d6l aus s\u00fc\u00dfen Mandeln, das besonders ausgleichend wirkt und Kollagen-Hydrolysat, das \u00fcberm\u00e4\u00dfiges Austrocknen verhindert.<\/p>\n<p><strong>Anwendung<\/strong>: Auftragen und bis zum vollst\u00e4ndigen Einziehen sanft einmassieren.<\/p>\n<p>Flakon 200 ml.<\/p>\n","protected":false},"featured_media":12394,"template":"","meta":{"_acf_changed":false},"product_brand":[],"product_cat":[1365,314,460],"product_tag":[],"class_list":{"0":"post-12396","1":"product","2":"type-product","3":"status-publish","4":"has-post-thumbnail","6":"product_cat-black-friday-de","7":"product_cat-italienische-naturkosmetik","8":"product_cat-aktionen","10":"first","11":"instock","12":"taxable","13":"shipping-taxable","14":"purchasable","15":"product-type-simple"},"acf":[],"_links":{"self":[{"href":"https:\/\/gocceditalia.it\/de\/wp-json\/wp\/v2\/product\/12396","targetHints":{"allow":["GET"]}}],"collection":[{"href":"https:\/\/gocceditalia.it\/de\/wp-json\/wp\/v2\/product"}],"about":[{"href":"https:\/\/gocceditalia.it\/de\/wp-json\/wp\/v2\/types\/product"}],"version-history":[{"count":1,"href":"https:\/\/gocceditalia.it\/de\/wp-json\/wp\/v2\/product\/12396\/revisions"}],"predecessor-version":[{"id":12399,"href":"https:\/\/gocceditalia.it\/de\/wp-json\/wp\/v2\/product\/12396\/revisions\/12399"}],"wp:featuredmedia":[{"embeddable":true,"href":"https:\/\/gocceditalia.it\/de\/wp-json\/wp\/v2\/media\/12394"}],"wp:attachment":[{"href":"https:\/\/gocceditalia.it\/de\/wp-json\/wp\/v2\/media?parent=12396"}],"wp:term":[{"taxonomy":"product_brand","embeddable":true,"href":"https:\/\/gocceditalia.it\/de\/wp-json\/wp\/v2\/product_brand?post=12396"},{"taxonomy":"product_cat","embeddable":true,"href":"https:\/\/gocceditalia.it\/de\/wp-json\/wp\/v2\/product_cat?post=12396"},{"taxonomy":"product_tag","embeddable":true,"href":"https:\/\/gocceditalia.it\/de\/wp-json\/wp\/v2\/product_tag?post=12396"}],"curies":[{"name":"wp","href":"https:\/\/api.w.org\/{rel}","templated":true}]}}