{"id":12411,"date":"2020-11-19T10:08:33","date_gmt":"2022-11-18T14:13:05","guid":{"rendered":"https:\/\/gocceditalia.it\/?post_type=product&#038;p=12411"},"modified":"2025-12-02T00:00:07","modified_gmt":"2025-12-01T23:00:07","slug":"desinfektionsspray-50ml","status":"publish","type":"product","link":"https:\/\/gocceditalia.it\/de\/desinfektionsspray-50ml\/","title":{"rendered":"Desinfektionsspray 50ml"},"content":{"rendered":"<ul>\n<li>Sicher und wirksam (mit 65% Alkohol und Chlorhexidin)<\/li>\n<li>Es ist bequem, angenehm und funktionell.<\/li>\n<li>Es ist auch praktisch auf h\u00e4ufig verwendeten Oberfl\u00e4chen (Smartphones, Tastaturen, PCs, Masken usw.), sofort trocknen.<\/li>\n<li>Aufgrund der enthaltenen nat\u00fcrlichen Substanzen (Aloe, Olivenbl\u00e4ttern Extrakt, Lavendel \u00e4therisches \u00d6l und einem Tropfen Oliven\u00f6l) wird die Haut gepflegt und weich mit angenehm Duft<\/li>\n<\/ul>\n","protected":false},"excerpt":{"rendered":"<h3>50ml<\/h3>\n","protected":false},"featured_media":3342,"template":"","meta":{"_acf_changed":false},"product_brand":[],"product_cat":[1365,314,460],"product_tag":[322,335],"class_list":{"0":"post-12411","1":"product","2":"type-product","3":"status-publish","4":"has-post-thumbnail","6":"product_cat-black-friday-de","7":"product_cat-italienische-naturkosmetik","8":"product_cat-aktionen","9":"product_tag-frantoio-manestrini-de","10":"product_tag-valtenesi-de","12":"first","13":"instock","14":"taxable","15":"shipping-taxable","16":"purchasable","17":"product-type-simple"},"acf":[],"_links":{"self":[{"href":"https:\/\/gocceditalia.it\/de\/wp-json\/wp\/v2\/product\/12411","targetHints":{"allow":["GET"]}}],"collection":[{"href":"https:\/\/gocceditalia.it\/de\/wp-json\/wp\/v2\/product"}],"about":[{"href":"https:\/\/gocceditalia.it\/de\/wp-json\/wp\/v2\/types\/product"}],"version-history":[{"count":1,"href":"https:\/\/gocceditalia.it\/de\/wp-json\/wp\/v2\/product\/12411\/revisions"}],"predecessor-version":[{"id":12413,"href":"https:\/\/gocceditalia.it\/de\/wp-json\/wp\/v2\/product\/12411\/revisions\/12413"}],"wp:featuredmedia":[{"embeddable":true,"href":"https:\/\/gocceditalia.it\/de\/wp-json\/wp\/v2\/media\/3342"}],"wp:attachment":[{"href":"https:\/\/gocceditalia.it\/de\/wp-json\/wp\/v2\/media?parent=12411"}],"wp:term":[{"taxonomy":"product_brand","embeddable":true,"href":"https:\/\/gocceditalia.it\/de\/wp-json\/wp\/v2\/product_brand?post=12411"},{"taxonomy":"product_cat","embeddable":true,"href":"https:\/\/gocceditalia.it\/de\/wp-json\/wp\/v2\/product_cat?post=12411"},{"taxonomy":"product_tag","embeddable":true,"href":"https:\/\/gocceditalia.it\/de\/wp-json\/wp\/v2\/product_tag?post=12411"}],"curies":[{"name":"wp","href":"https:\/\/api.w.org\/{rel}","templated":true}]}}