{"id":12436,"date":"2022-11-18T15:24:16","date_gmt":"2022-11-18T14:25:40","guid":{"rendered":"https:\/\/gocceditalia.it\/?post_type=product&#038;p=12436"},"modified":"2022-11-24T09:40:42","modified_gmt":"2022-11-24T08:40:42","slug":"orangen-zimt-duftseife","status":"publish","type":"product","link":"https:\/\/gocceditalia.it\/de\/orangen-zimt-duftseife\/","title":{"rendered":"Orangen Zimt Duftseife"},"content":{"rendered":"","protected":false},"excerpt":{"rendered":"<p>Durch die enthaltenen Substanzen reinigen diese Seifen auf sanfte und angenehme Weise, machen die Haut weich und hinterlassen einen zarten Duft. Mit antiken und sorgf\u00e4ltigen Verfahren hergestellt, eignen sie sich f\u00fcr die ganze Familie. Enth\u00e4lt: Oliven\u00f6l, \u00d6l aus s\u00fc\u00dfen Mandeln und Lecithin\u00f6l.<\/p>\n<p><strong>Anwendung<\/strong>: Haut reinigen und sorgf\u00e4ltig absp\u00fclen.<\/p>\n","protected":false},"featured_media":17793,"template":"","meta":{"_acf_changed":false},"product_brand":[],"product_cat":[1365,314],"product_tag":[],"class_list":{"0":"post-12436","1":"product","2":"type-product","3":"status-publish","4":"has-post-thumbnail","6":"product_cat-black-friday-de","7":"product_cat-italienische-naturkosmetik","9":"first","10":"instock","11":"taxable","12":"shipping-taxable","13":"purchasable","14":"product-type-simple"},"acf":[],"_links":{"self":[{"href":"https:\/\/gocceditalia.it\/de\/wp-json\/wp\/v2\/product\/12436","targetHints":{"allow":["GET"]}}],"collection":[{"href":"https:\/\/gocceditalia.it\/de\/wp-json\/wp\/v2\/product"}],"about":[{"href":"https:\/\/gocceditalia.it\/de\/wp-json\/wp\/v2\/types\/product"}],"version-history":[{"count":1,"href":"https:\/\/gocceditalia.it\/de\/wp-json\/wp\/v2\/product\/12436\/revisions"}],"predecessor-version":[{"id":12437,"href":"https:\/\/gocceditalia.it\/de\/wp-json\/wp\/v2\/product\/12436\/revisions\/12437"}],"wp:featuredmedia":[{"embeddable":true,"href":"https:\/\/gocceditalia.it\/de\/wp-json\/wp\/v2\/media\/17793"}],"wp:attachment":[{"href":"https:\/\/gocceditalia.it\/de\/wp-json\/wp\/v2\/media?parent=12436"}],"wp:term":[{"taxonomy":"product_brand","embeddable":true,"href":"https:\/\/gocceditalia.it\/de\/wp-json\/wp\/v2\/product_brand?post=12436"},{"taxonomy":"product_cat","embeddable":true,"href":"https:\/\/gocceditalia.it\/de\/wp-json\/wp\/v2\/product_cat?post=12436"},{"taxonomy":"product_tag","embeddable":true,"href":"https:\/\/gocceditalia.it\/de\/wp-json\/wp\/v2\/product_tag?post=12436"}],"curies":[{"name":"wp","href":"https:\/\/api.w.org\/{rel}","templated":true}]}}