{"id":12669,"date":"2020-11-19T10:08:40","date_gmt":"2020-11-19T09:08:40","guid":{"rendered":"https:\/\/gocceditalia.it\/face-mask\/"},"modified":"2025-12-02T00:00:07","modified_gmt":"2025-12-01T23:00:07","slug":"gesichtsmaske","status":"publish","type":"product","link":"https:\/\/gocceditalia.it\/de\/gesichtsmaske\/","title":{"rendered":"Gesichtsmaske"},"content":{"rendered":"","protected":false},"excerpt":{"rendered":"<p>Angenehme Emulsion zum Absp\u00fclen. Sehr gute Sch\u00f6nheitsmaske, die durch ihre Inhaltsstoffe die Haut mit Feuchtigkeit versorgt, sie samtig weich macht und rundum regeneriert.<\/p>\n<p>Enth\u00e4lt: natives Oliven\u00f6l extra, \u00d6l aus s\u00fc\u00dfen Mandeln, Honig, Fruchts\u00e4ure.<\/p>\n<p><strong>Anwendung<\/strong>: Eine d\u00fcnne Schicht auf das Gesicht auftragen, mindestens 10 Minuten einwirken lassen und anschlie\u00dfend mit lauwarmem Wasser absp\u00fclen.<\/p>\n","protected":false},"featured_media":3371,"template":"","meta":{"_acf_changed":false},"product_brand":[],"product_cat":[1365,314],"product_tag":[322,323,335],"class_list":{"0":"post-12669","1":"product","2":"type-product","3":"status-publish","4":"has-post-thumbnail","6":"product_cat-black-friday-de","7":"product_cat-italienische-naturkosmetik","8":"product_tag-frantoio-manestrini-de","9":"product_tag-lombardei","10":"product_tag-valtenesi-de","12":"first","13":"instock","14":"taxable","15":"shipping-taxable","16":"purchasable","17":"product-type-simple"},"acf":[],"_links":{"self":[{"href":"https:\/\/gocceditalia.it\/de\/wp-json\/wp\/v2\/product\/12669","targetHints":{"allow":["GET"]}}],"collection":[{"href":"https:\/\/gocceditalia.it\/de\/wp-json\/wp\/v2\/product"}],"about":[{"href":"https:\/\/gocceditalia.it\/de\/wp-json\/wp\/v2\/types\/product"}],"version-history":[{"count":1,"href":"https:\/\/gocceditalia.it\/de\/wp-json\/wp\/v2\/product\/12669\/revisions"}],"predecessor-version":[{"id":12670,"href":"https:\/\/gocceditalia.it\/de\/wp-json\/wp\/v2\/product\/12669\/revisions\/12670"}],"wp:featuredmedia":[{"embeddable":true,"href":"https:\/\/gocceditalia.it\/de\/wp-json\/wp\/v2\/media\/3371"}],"wp:attachment":[{"href":"https:\/\/gocceditalia.it\/de\/wp-json\/wp\/v2\/media?parent=12669"}],"wp:term":[{"taxonomy":"product_brand","embeddable":true,"href":"https:\/\/gocceditalia.it\/de\/wp-json\/wp\/v2\/product_brand?post=12669"},{"taxonomy":"product_cat","embeddable":true,"href":"https:\/\/gocceditalia.it\/de\/wp-json\/wp\/v2\/product_cat?post=12669"},{"taxonomy":"product_tag","embeddable":true,"href":"https:\/\/gocceditalia.it\/de\/wp-json\/wp\/v2\/product_tag?post=12669"}],"curies":[{"name":"wp","href":"https:\/\/api.w.org\/{rel}","templated":true}]}}