{"id":12701,"date":"2020-11-19T10:08:40","date_gmt":"2020-11-19T09:08:40","guid":{"rendered":"https:\/\/gocceditalia.it\/foot-cream\/"},"modified":"2025-12-02T00:00:07","modified_gmt":"2025-12-01T23:00:07","slug":"fusscreme","status":"publish","type":"product","link":"https:\/\/gocceditalia.it\/de\/fusscreme\/","title":{"rendered":"Fusscreme"},"content":{"rendered":"","protected":false},"excerpt":{"rendered":"<p>Angenehme und geschmeidige Creme mit ausgew\u00e4hlten Inhaltsstoffen f\u00fcr strapazierte F\u00fc\u00dfe mit trockener Haut. Durch die Massage beim Auftragen der Creme wird der wohltuende Effekt verst\u00e4rkt. Enth\u00e4lt: natives Oliven\u00f6l extra, Thymianextrakt, pflanzliches Glycerin.<\/p>\n<p><strong>Anwendung<\/strong>: Auftragen und bis zum vollst\u00e4ndigen Einziehen sanft einmassieren.<\/p>\n<p>Dose 100 ml.<\/p>\n","protected":false},"featured_media":12705,"template":"","meta":{"_acf_changed":false},"product_brand":[],"product_cat":[1365,314],"product_tag":[322,323,335],"class_list":{"0":"post-12701","1":"product","2":"type-product","3":"status-publish","4":"has-post-thumbnail","6":"product_cat-black-friday-de","7":"product_cat-italienische-naturkosmetik","8":"product_tag-frantoio-manestrini-de","9":"product_tag-lombardei","10":"product_tag-valtenesi-de","12":"first","13":"instock","14":"taxable","15":"shipping-taxable","16":"purchasable","17":"product-type-simple"},"acf":[],"_links":{"self":[{"href":"https:\/\/gocceditalia.it\/de\/wp-json\/wp\/v2\/product\/12701","targetHints":{"allow":["GET"]}}],"collection":[{"href":"https:\/\/gocceditalia.it\/de\/wp-json\/wp\/v2\/product"}],"about":[{"href":"https:\/\/gocceditalia.it\/de\/wp-json\/wp\/v2\/types\/product"}],"version-history":[{"count":1,"href":"https:\/\/gocceditalia.it\/de\/wp-json\/wp\/v2\/product\/12701\/revisions"}],"predecessor-version":[{"id":12702,"href":"https:\/\/gocceditalia.it\/de\/wp-json\/wp\/v2\/product\/12701\/revisions\/12702"}],"wp:featuredmedia":[{"embeddable":true,"href":"https:\/\/gocceditalia.it\/de\/wp-json\/wp\/v2\/media\/12705"}],"wp:attachment":[{"href":"https:\/\/gocceditalia.it\/de\/wp-json\/wp\/v2\/media?parent=12701"}],"wp:term":[{"taxonomy":"product_brand","embeddable":true,"href":"https:\/\/gocceditalia.it\/de\/wp-json\/wp\/v2\/product_brand?post=12701"},{"taxonomy":"product_cat","embeddable":true,"href":"https:\/\/gocceditalia.it\/de\/wp-json\/wp\/v2\/product_cat?post=12701"},{"taxonomy":"product_tag","embeddable":true,"href":"https:\/\/gocceditalia.it\/de\/wp-json\/wp\/v2\/product_tag?post=12701"}],"curies":[{"name":"wp","href":"https:\/\/api.w.org\/{rel}","templated":true}]}}