{"id":12944,"date":"2020-11-19T10:07:09","date_gmt":"2022-12-12T16:14:15","guid":{"rendered":"https:\/\/gocceditalia.it\/?post_type=product&#038;p=12944"},"modified":"2026-01-31T16:01:18","modified_gmt":"2026-01-31T15:01:18","slug":"garda-bresciano-natives-olivenoel-extra-g-u","status":"publish","type":"product","link":"https:\/\/gocceditalia.it\/de\/garda-bresciano-natives-olivenoel-extra-g-u\/","title":{"rendered":"Natives Oliven\u00f6l Extra \u2013 Garda Bresciano DOP (g.U.)"},"content":{"rendered":"<p><b>Produktionsgebiet:<\/b>\u00a0h\u00fcgeliges Gebiet an der K\u00fcste von Valt\u00e9nesi und Garda Bresciano.<\/p>\n<p><b>Olivensorte:<\/b>\u00a0Leccino, Casaliva Frantoio f\u00fcr \u00fcber 55%. Erwachsene Pflanzen (ca. 50 Jahre alt), die in polykonischen T\u00f6pfen gez\u00fcchtet wurden.<\/p>\n<p><b>Bouquet:<\/b>\u00a0Fruchtig von frischen Oliven mit einem Gef\u00fchl von aromatischen Kr\u00e4utern und einem zarten Mandelduft. Mittelhelle Olivenfrucht.<\/p>\n<p><b>Paarungen:<\/b>\u00a0Es eignet sich hervorragend zum W\u00fcrzen von frischem und gegrilltem Gem\u00fcse, Fischgerichten und delikaten Lebensmitteln. Machen Sie den Teig aus Sauerteigkuchen br\u00f6ckelig.<\/p>\n","protected":false},"excerpt":{"rendered":"<p data-path-to-node=\"23\">Ein Natives Oliven\u00f6l Extra der gehobenen Kategorie, das ausschlie\u00dflich am Brescianer Ufer des Gardasees hergestellt wird. Das Siegel <b data-path-to-node=\"23\" data-index-in-node=\"154\">DOP (Gesch\u00fctzte Ursprungsbezeichnung)<\/b> ist Ihre Garantie: Es bescheinigt, dass das \u00d6l nicht nur aus diesem Gebiet stammt, sondern nach strengen und kontrollierten Regeln produziert wurde \u2013 vom Anbau bis zur Flasche.<\/p>\n<p data-path-to-node=\"24\"><b data-path-to-node=\"24\" data-index-in-node=\"0\">Warum ist es einzigartig?<\/b> Dieses \u00d6l wird auf dem weltweit n\u00f6rdlichsten Breitengrad f\u00fcr den Olivenanbau produziert und verdankt seine Existenz dem besonderen <b data-path-to-node=\"24\" data-index-in-node=\"157\">mediterranen Mikroklima des Sees<\/b>. Da die Oliven langsamer reifen und keinem Hitzestress ausgesetzt sind, entsteht ein seltenes \u00d6l von extremer Eleganz und Feinheit.<\/p>\n<p data-path-to-node=\"25\"><b data-path-to-node=\"25\" data-index-in-node=\"0\">Die Qualit\u00e4t:<\/b> Am Gaumen zeichnet es sich durch seine nat\u00fcrliche <b data-path-to-node=\"25\" data-index-in-node=\"64\">Milde und Bek\u00f6mmlichkeit<\/b> aus. Im Gegensatz zu den kr\u00e4ftigeren und bitteren \u00d6len S\u00fcditaliens bietet der Garda Bresciano DOP eine perfekte Balance mit Mandelnoten \u2013 ideal, um Gerichte zu veredeln, ohne deren Eigengeschmack zu \u00fcberdecken.<\/p>\n<p>Natives Oliven\u00f6l Extra g.U.\u00a0 ist ein kostbares \u00d6l und wird f\u00fcr den rohen Gebrauch empfohlen. Dank seiner hohen Verdaulichkeit, seines angenehmen Geschmacks, seiner therapeutischen und ern\u00e4hrungsphysiologischen Vorz\u00fcge, die es zu einem der ges\u00fcndesten und authentischsten Lebensmittel machen, ist Natives Oliven\u00f6l Extra einer der Protagonisten der Mittelmeerdi\u00e4t, der sowohl f\u00fcr Di\u00e4ten als auch f\u00fcr die Ern\u00e4hrung von Kindern geeignet ist.<\/p>\n","protected":false},"featured_media":2972,"template":"","meta":{"_acf_changed":false},"product_brand":[],"product_cat":[321],"product_tag":[322,323,335],"class_list":{"0":"post-12944","1":"product","2":"type-product","3":"status-publish","4":"has-post-thumbnail","6":"product_cat-italienisches-natives-olivenoel-extra","7":"product_tag-frantoio-manestrini-de","8":"product_tag-lombardei","9":"product_tag-valtenesi-de","10":"pa_confezione-1-flasche","11":"pa_confezione-6-flaschen","12":"pa_formato-0250-lt-de-2","13":"pa_formato-0500-lt-de-2","14":"pa_formato-0750-lt-de-2","16":"first","17":"instock","18":"taxable","19":"shipping-taxable","20":"purchasable","21":"product-type-variable","22":"has-default-attributes"},"acf":[],"_links":{"self":[{"href":"https:\/\/gocceditalia.it\/de\/wp-json\/wp\/v2\/product\/12944","targetHints":{"allow":["GET"]}}],"collection":[{"href":"https:\/\/gocceditalia.it\/de\/wp-json\/wp\/v2\/product"}],"about":[{"href":"https:\/\/gocceditalia.it\/de\/wp-json\/wp\/v2\/types\/product"}],"version-history":[{"count":2,"href":"https:\/\/gocceditalia.it\/de\/wp-json\/wp\/v2\/product\/12944\/revisions"}],"predecessor-version":[{"id":28292,"href":"https:\/\/gocceditalia.it\/de\/wp-json\/wp\/v2\/product\/12944\/revisions\/28292"}],"wp:featuredmedia":[{"embeddable":true,"href":"https:\/\/gocceditalia.it\/de\/wp-json\/wp\/v2\/media\/2972"}],"wp:attachment":[{"href":"https:\/\/gocceditalia.it\/de\/wp-json\/wp\/v2\/media?parent=12944"}],"wp:term":[{"taxonomy":"product_brand","embeddable":true,"href":"https:\/\/gocceditalia.it\/de\/wp-json\/wp\/v2\/product_brand?post=12944"},{"taxonomy":"product_cat","embeddable":true,"href":"https:\/\/gocceditalia.it\/de\/wp-json\/wp\/v2\/product_cat?post=12944"},{"taxonomy":"product_tag","embeddable":true,"href":"https:\/\/gocceditalia.it\/de\/wp-json\/wp\/v2\/product_tag?post=12944"}],"curies":[{"name":"wp","href":"https:\/\/api.w.org\/{rel}","templated":true}]}}