{"id":12996,"date":"2022-12-21T14:23:38","date_gmt":"2022-12-21T13:23:39","guid":{"rendered":"https:\/\/gocceditalia.it\/?post_type=product&#038;p=12996"},"modified":"2026-01-29T16:20:17","modified_gmt":"2026-01-29T15:20:17","slug":"zitronendressing-copia","status":"publish","type":"product","link":"https:\/\/gocceditalia.it\/de\/zitronendressing-copia\/","title":{"rendered":"Orangen-Oliven\u00f6l"},"content":{"rendered":"","protected":false},"excerpt":{"rendered":"<h3>W\u00fcrz\u00f6l auf Basis von 100% italienischem nativem Oliven\u00f6l Extra &amp; nat\u00fcrlichem Orangenaroma &#8211; 0,25 l.<\/h3>\n<p>Zart, fruchtig und warm. Eine raffinierte Note, die herzhafte und s\u00fc\u00dfe Aromen perfekt ausbalanciert.<\/p>\n<p><strong>Ideal zu:<\/strong> Entenbrust, Fenchelsalat, Fischtartar, Schokoladendesserts.<\/p>\n","protected":false},"featured_media":28195,"template":"","meta":{"_acf_changed":false},"product_brand":[],"product_cat":[313],"product_tag":[322,323,335],"class_list":{"0":"post-12996","1":"product","2":"type-product","3":"status-publish","4":"has-post-thumbnail","6":"product_cat-italienische-wuerzoele","7":"product_tag-frantoio-manestrini-de","8":"product_tag-lombardei","9":"product_tag-valtenesi-de","10":"pa_confezione-flasche","11":"pa_confezione-kann","13":"first","14":"instock","15":"taxable","16":"shipping-taxable","17":"purchasable","18":"product-type-simple"},"acf":[],"_links":{"self":[{"href":"https:\/\/gocceditalia.it\/de\/wp-json\/wp\/v2\/product\/12996","targetHints":{"allow":["GET"]}}],"collection":[{"href":"https:\/\/gocceditalia.it\/de\/wp-json\/wp\/v2\/product"}],"about":[{"href":"https:\/\/gocceditalia.it\/de\/wp-json\/wp\/v2\/types\/product"}],"version-history":[{"count":2,"href":"https:\/\/gocceditalia.it\/de\/wp-json\/wp\/v2\/product\/12996\/revisions"}],"predecessor-version":[{"id":28192,"href":"https:\/\/gocceditalia.it\/de\/wp-json\/wp\/v2\/product\/12996\/revisions\/28192"}],"wp:featuredmedia":[{"embeddable":true,"href":"https:\/\/gocceditalia.it\/de\/wp-json\/wp\/v2\/media\/28195"}],"wp:attachment":[{"href":"https:\/\/gocceditalia.it\/de\/wp-json\/wp\/v2\/media?parent=12996"}],"wp:term":[{"taxonomy":"product_brand","embeddable":true,"href":"https:\/\/gocceditalia.it\/de\/wp-json\/wp\/v2\/product_brand?post=12996"},{"taxonomy":"product_cat","embeddable":true,"href":"https:\/\/gocceditalia.it\/de\/wp-json\/wp\/v2\/product_cat?post=12996"},{"taxonomy":"product_tag","embeddable":true,"href":"https:\/\/gocceditalia.it\/de\/wp-json\/wp\/v2\/product_tag?post=12996"}],"curies":[{"name":"wp","href":"https:\/\/api.w.org\/{rel}","templated":true}]}}