{"id":13662,"date":"2023-04-22T17:57:16","date_gmt":"2023-04-22T15:57:16","guid":{"rendered":"https:\/\/gocceditalia.it\/condimento-balsamico-rosato\/"},"modified":"2025-10-11T14:43:26","modified_gmt":"2025-10-11T12:43:26","slug":"condimento-balsamico-rosato","status":"publish","type":"product","link":"https:\/\/gocceditalia.it\/de\/condimento-balsamico-rosato\/","title":{"rendered":"Ros\u00e9 Balsamico-Dressing"},"content":{"rendered":"","protected":false},"excerpt":{"rendered":"<p>Gewonnen aus dem Most von konzentrierten wei\u00dfen Trauben und Lambrusco, gekonnt gemischt mit Weinessig, der lange in Eichenf\u00e4ssern gereift ist, um eine Ros\u00e9farbe zu erhalten. Mit frischen, blumigen und fruchtigen Aromen und Geschmacksrichtungen.<\/p>\n<p><em>Nat\u00fcrlicher Begleiter f\u00fcr Salate und frisches Gem\u00fcse. Er passt hervorragend zu Fischgerichten und wei\u00dfem Fleisch.<\/em><\/p>\n","protected":false},"featured_media":13654,"template":"","meta":{"_acf_changed":false},"product_brand":[],"product_cat":[312],"product_tag":[322,323,335],"class_list":{"0":"post-13662","1":"product","2":"type-product","3":"status-publish","4":"has-post-thumbnail","6":"product_cat-italienischer-essige","7":"product_tag-frantoio-manestrini-de","8":"product_tag-lombardei","9":"product_tag-valtenesi-de","10":"pa_formato-0250-lt-de-2","11":"pa_formato-0500-lt-de-2","12":"pa_formato-6x0500-lt-de-2","13":"pa_formato-8x0250-lt-de","15":"first","16":"instock","17":"taxable","18":"shipping-taxable","19":"purchasable","20":"product-type-variable"},"acf":[],"_links":{"self":[{"href":"https:\/\/gocceditalia.it\/de\/wp-json\/wp\/v2\/product\/13662","targetHints":{"allow":["GET"]}}],"collection":[{"href":"https:\/\/gocceditalia.it\/de\/wp-json\/wp\/v2\/product"}],"about":[{"href":"https:\/\/gocceditalia.it\/de\/wp-json\/wp\/v2\/types\/product"}],"version-history":[{"count":3,"href":"https:\/\/gocceditalia.it\/de\/wp-json\/wp\/v2\/product\/13662\/revisions"}],"predecessor-version":[{"id":23914,"href":"https:\/\/gocceditalia.it\/de\/wp-json\/wp\/v2\/product\/13662\/revisions\/23914"}],"wp:featuredmedia":[{"embeddable":true,"href":"https:\/\/gocceditalia.it\/de\/wp-json\/wp\/v2\/media\/13654"}],"wp:attachment":[{"href":"https:\/\/gocceditalia.it\/de\/wp-json\/wp\/v2\/media?parent=13662"}],"wp:term":[{"taxonomy":"product_brand","embeddable":true,"href":"https:\/\/gocceditalia.it\/de\/wp-json\/wp\/v2\/product_brand?post=13662"},{"taxonomy":"product_cat","embeddable":true,"href":"https:\/\/gocceditalia.it\/de\/wp-json\/wp\/v2\/product_cat?post=13662"},{"taxonomy":"product_tag","embeddable":true,"href":"https:\/\/gocceditalia.it\/de\/wp-json\/wp\/v2\/product_tag?post=13662"}],"curies":[{"name":"wp","href":"https:\/\/api.w.org\/{rel}","templated":true}]}}