{"id":13689,"date":"2023-04-24T12:12:33","date_gmt":"2023-04-24T10:12:34","guid":{"rendered":"https:\/\/gocceditalia.it\/?post_type=product&#038;p=13689"},"modified":"2023-04-24T12:17:51","modified_gmt":"2023-04-24T10:17:51","slug":"rose-balsamico-dressing-copia","status":"publish","type":"product","link":"https:\/\/gocceditalia.it\/de\/rose-balsamico-dressing-copia\/","title":{"rendered":"Balsamico-Gran Riserva Superiore"},"content":{"rendered":"","protected":false},"excerpt":{"rendered":"<h3>250ml<\/h3>\n<p>Gewonnen aus der Vereinigung des gekochten Mosts der Lambrusco-Trauben mit in Eichenf\u00e4ssern gereiftem Wei\u00dfweinessig und in Wacholder-, Kastanien- und Eichenf\u00e4ssern gereiftem Balsamico-Essig aus Modena IGP. Entscheidend sind die gro\u00dfe Cremigkeit und die deutlich holzigen Noten, die typisch f\u00fcr die wertvollsten Balsamicos sind.<\/p>\n<p><em>Ideal zu jedem Rezept der italienischen und internationalen K\u00fcche, von ersten G\u00e4ngen wie Risotto und Pasta \u00fcber zweite G\u00e4nge mit Fleisch, Fisch und K\u00e4se bis hin zu Desserts, Obstsalaten und Eiscreme.<\/em><\/p>\n<p>&nbsp;<\/p>\n","protected":false},"featured_media":13697,"template":"","meta":{"_acf_changed":false},"product_brand":[],"product_cat":[312],"product_tag":[322,323,335],"class_list":{"0":"post-13689","1":"product","2":"type-product","3":"status-publish","4":"has-post-thumbnail","6":"product_cat-italienischer-essige","7":"product_tag-frantoio-manestrini-de","8":"product_tag-lombardei","9":"product_tag-valtenesi-de","11":"first","12":"instock","13":"taxable","14":"shipping-taxable","15":"purchasable","16":"product-type-simple"},"acf":[],"_links":{"self":[{"href":"https:\/\/gocceditalia.it\/de\/wp-json\/wp\/v2\/product\/13689","targetHints":{"allow":["GET"]}}],"collection":[{"href":"https:\/\/gocceditalia.it\/de\/wp-json\/wp\/v2\/product"}],"about":[{"href":"https:\/\/gocceditalia.it\/de\/wp-json\/wp\/v2\/types\/product"}],"version-history":[{"count":1,"href":"https:\/\/gocceditalia.it\/de\/wp-json\/wp\/v2\/product\/13689\/revisions"}],"predecessor-version":[{"id":13700,"href":"https:\/\/gocceditalia.it\/de\/wp-json\/wp\/v2\/product\/13689\/revisions\/13700"}],"wp:featuredmedia":[{"embeddable":true,"href":"https:\/\/gocceditalia.it\/de\/wp-json\/wp\/v2\/media\/13697"}],"wp:attachment":[{"href":"https:\/\/gocceditalia.it\/de\/wp-json\/wp\/v2\/media?parent=13689"}],"wp:term":[{"taxonomy":"product_brand","embeddable":true,"href":"https:\/\/gocceditalia.it\/de\/wp-json\/wp\/v2\/product_brand?post=13689"},{"taxonomy":"product_cat","embeddable":true,"href":"https:\/\/gocceditalia.it\/de\/wp-json\/wp\/v2\/product_cat?post=13689"},{"taxonomy":"product_tag","embeddable":true,"href":"https:\/\/gocceditalia.it\/de\/wp-json\/wp\/v2\/product_tag?post=13689"}],"curies":[{"name":"wp","href":"https:\/\/api.w.org\/{rel}","templated":true}]}}