{"id":13703,"date":"2020-11-19T10:07:38","date_gmt":"2020-11-19T09:07:38","guid":{"rendered":"https:\/\/gocceditalia.it\/crema-di-aceto-balsamico-bio\/"},"modified":"2023-11-14T14:34:11","modified_gmt":"2023-11-14T13:34:11","slug":"crema-di-aceto-balsamico-bio","status":"publish","type":"product","link":"https:\/\/gocceditalia.it\/de\/crema-di-aceto-balsamico-bio\/","title":{"rendered":"BIO Balsamico-Essig Creme"},"content":{"rendered":"","protected":false},"excerpt":{"rendered":"<h3>50ml<\/h3>\n<p><span style=\"font-weight: 400\">Es handelt sich um dichte und vollmundige Cremes mit einem f\u00fcr Balsamico typischen delikaten und s\u00fc\u00df-sauren Geschmack. Sie werden in verschiedenen Geschmacksrichtungen hergestellt, die den Geschmack der Speisen verst\u00e4rken und jedes Gericht k\u00f6stlich machen.<\/span><span style=\"font-weight: 400\">\u00a0<\/span><\/p>\n<p><span style=\"font-weight: 400\">Die verf\u00fcgbaren Geschmacksrichtungen sind:<\/span><\/p>\n<ul>\n<li style=\"font-weight: 400\"><i><span style=\"font-weight: 400\">Klassisch: vielseitig einsetzbar f\u00fcr alle Gerichte wie Risotto, K\u00e4se, Nudeln, Fleisch, Fisch, S\u00fc\u00dfspeisen und Desserts;<\/span><\/i><\/li>\n<li style=\"font-weight: 400\"><i><span style=\"font-weight: 400\">Honig: hervorragend kombinierbar mit Nudelgerichten, Fleisch (gebraten und gegrillt) sowie frischem und gereiftem K\u00e4se;<\/span><\/i><\/li>\n<li style=\"font-weight: 400\"><i><span style=\"font-weight: 400\">\u00a0Apfel und Feige: ideal zu Fisch, Obstsalaten, Desserts und Eis.<\/span><\/i><\/li>\n<\/ul>\n","protected":false},"featured_media":3094,"template":"","meta":{"_acf_changed":false},"product_brand":[],"product_cat":[312],"product_tag":[322,323],"class_list":{"0":"post-13703","1":"product","2":"type-product","3":"status-publish","4":"has-post-thumbnail","6":"product_cat-italienischer-essige","7":"product_tag-frantoio-manestrini-de","8":"product_tag-lombardei","10":"first","11":"instock","12":"taxable","13":"shipping-taxable","14":"purchasable","15":"product-type-simple"},"acf":[],"_links":{"self":[{"href":"https:\/\/gocceditalia.it\/de\/wp-json\/wp\/v2\/product\/13703","targetHints":{"allow":["GET"]}}],"collection":[{"href":"https:\/\/gocceditalia.it\/de\/wp-json\/wp\/v2\/product"}],"about":[{"href":"https:\/\/gocceditalia.it\/de\/wp-json\/wp\/v2\/types\/product"}],"version-history":[{"count":2,"href":"https:\/\/gocceditalia.it\/de\/wp-json\/wp\/v2\/product\/13703\/revisions"}],"predecessor-version":[{"id":17539,"href":"https:\/\/gocceditalia.it\/de\/wp-json\/wp\/v2\/product\/13703\/revisions\/17539"}],"wp:featuredmedia":[{"embeddable":true,"href":"https:\/\/gocceditalia.it\/de\/wp-json\/wp\/v2\/media\/3094"}],"wp:attachment":[{"href":"https:\/\/gocceditalia.it\/de\/wp-json\/wp\/v2\/media?parent=13703"}],"wp:term":[{"taxonomy":"product_brand","embeddable":true,"href":"https:\/\/gocceditalia.it\/de\/wp-json\/wp\/v2\/product_brand?post=13703"},{"taxonomy":"product_cat","embeddable":true,"href":"https:\/\/gocceditalia.it\/de\/wp-json\/wp\/v2\/product_cat?post=13703"},{"taxonomy":"product_tag","embeddable":true,"href":"https:\/\/gocceditalia.it\/de\/wp-json\/wp\/v2\/product_tag?post=13703"}],"curies":[{"name":"wp","href":"https:\/\/api.w.org\/{rel}","templated":true}]}}