{"id":16896,"date":"2023-08-18T17:57:58","date_gmt":"2023-08-19T09:20:07","guid":{"rendered":"https:\/\/gocceditalia.it\/?post_type=product&#038;p=16896"},"modified":"2025-12-02T00:00:06","modified_gmt":"2025-12-01T23:00:06","slug":"aufguss-aus-olivenblaettern","status":"publish","type":"product","link":"https:\/\/gocceditalia.it\/de\/aufguss-aus-olivenblaettern\/","title":{"rendered":"Aufguss aus Olivenbl\u00e4ttern"},"content":{"rendered":"<p><strong>Wie benutzt man?<\/strong><br \/>\nEs wird empfohlen, 1\/2 mal t\u00e4glich 35 ml des Produkts einzunehmen. Nehmen Sie es pur ein oder verd\u00fcnnen Sie es mit Wasser oder einem anderen Getr\u00e4nk, vorzugsweise morgens.<\/p>\n<p><strong>Lagerung:<\/strong><br \/>\nAn einem trockenen Ort fern von W\u00e4rmequellen lagern. Verschlie\u00dfen Sie die Verpackung nach Gebrauch.<\/p>\n<p><strong>Warnungen:<\/strong><br \/>\n\u00dcberschreiten Sie nicht die empfohlene Tagesdosis. Nahrungserg\u00e4nzungsmittel sind nicht als Ersatz f\u00fcr eine abwechslungsreiche und ausgewogene Ern\u00e4hrung gedacht. Au\u00dferhalb der Reichweite von Kindern unter drei Jahren aufbewahren. Nicht w\u00e4hrend der Schwangerschaft und bei Kindern oder auf jeden Fall \u00fcber einen l\u00e4ngeren Zeitraum anwenden, ohne einen Arzt zu konsultieren.<\/p>\n<p><strong>Zutaten<\/strong><br \/>\nOlivenbl\u00e4tter (Gesamtpolyphenole &gt;4 g\/Liter, davon Oleuropein &gt;80 mg), Wei\u00dfdornbl\u00e4tter und -bl\u00fcten, Fenchelfrucht, w\u00e4ssriger Extrakt aus Olivenbl\u00e4ttern, titriert auf 4 % Oleuropein, Steviabl\u00e4tter.<\/p>\n<p><strong>Glutenfrei<\/strong> und ohne Konservierungsstoffe. F\u00fcr <strong>Veganer<\/strong> geeignet.<\/p>\n","protected":false},"excerpt":{"rendered":"<p>Bio-Nahrungserg\u00e4nzungsmittel auf Basis von Extrakt aus frischen Olivenbl\u00e4ttern. Mit Zusatz von Wei\u00dfdorn, Fenchel und Stevia.<\/p>\n<p>Der Olivenbaum ist traditionell daf\u00fcr bekannt, die normale Durchblutung und die Regelm\u00e4\u00dfigkeit des Blutdrucks zu f\u00f6rdern; Wei\u00dfdorn tr\u00e4gt zur regelm\u00e4\u00dfigen Funktion des Herz-Kreislauf-Systems bei und f\u00f6rdert Entspannung und geistiges Wohlbefinden; Fenchel unterst\u00fctzt die Verdauungsfunktion und tr\u00e4gt zu einer regelm\u00e4\u00dfigen Magen-Darm-Beweglichkeit und Bl\u00e4hungen bei.<\/p>\n","protected":false},"featured_media":26987,"template":"","meta":{"_acf_changed":false},"product_brand":[],"product_cat":[1365,320],"product_tag":[322],"class_list":{"0":"post-16896","1":"product","2":"type-product","3":"status-publish","4":"has-post-thumbnail","6":"product_cat-black-friday-de","7":"product_cat-italienischer-olivenblatt-tee","8":"product_tag-frantoio-manestrini-de","10":"first","11":"instock","12":"taxable","13":"shipping-taxable","14":"purchasable","15":"product-type-simple"},"acf":[],"_links":{"self":[{"href":"https:\/\/gocceditalia.it\/de\/wp-json\/wp\/v2\/product\/16896","targetHints":{"allow":["GET"]}}],"collection":[{"href":"https:\/\/gocceditalia.it\/de\/wp-json\/wp\/v2\/product"}],"about":[{"href":"https:\/\/gocceditalia.it\/de\/wp-json\/wp\/v2\/types\/product"}],"version-history":[{"count":2,"href":"https:\/\/gocceditalia.it\/de\/wp-json\/wp\/v2\/product\/16896\/revisions"}],"predecessor-version":[{"id":16899,"href":"https:\/\/gocceditalia.it\/de\/wp-json\/wp\/v2\/product\/16896\/revisions\/16899"}],"wp:featuredmedia":[{"embeddable":true,"href":"https:\/\/gocceditalia.it\/de\/wp-json\/wp\/v2\/media\/26987"}],"wp:attachment":[{"href":"https:\/\/gocceditalia.it\/de\/wp-json\/wp\/v2\/media?parent=16896"}],"wp:term":[{"taxonomy":"product_brand","embeddable":true,"href":"https:\/\/gocceditalia.it\/de\/wp-json\/wp\/v2\/product_brand?post=16896"},{"taxonomy":"product_cat","embeddable":true,"href":"https:\/\/gocceditalia.it\/de\/wp-json\/wp\/v2\/product_cat?post=16896"},{"taxonomy":"product_tag","embeddable":true,"href":"https:\/\/gocceditalia.it\/de\/wp-json\/wp\/v2\/product_tag?post=16896"}],"curies":[{"name":"wp","href":"https:\/\/api.w.org\/{rel}","templated":true}]}}