{"id":16965,"date":"2020-11-19T10:07:37","date_gmt":"2023-08-19T12:48:41","guid":{"rendered":"https:\/\/gocceditalia.it\/?post_type=product&#038;p=16965"},"modified":"2024-06-15T00:10:16","modified_gmt":"2024-06-14T22:10:16","slug":"bio-balsamico-essigcreme-mit-apfelgeschmack","status":"publish","type":"product","link":"https:\/\/gocceditalia.it\/de\/bio-balsamico-essigcreme-mit-apfelgeschmack\/","title":{"rendered":"Bio-Balsamico-Essigcreme mit Apfelgeschmack"},"content":{"rendered":"","protected":false},"excerpt":{"rendered":"<h3><strong>50 ml<\/strong><\/h3>\n<p>Dichte und vollmundige Cremes mit dem f\u00fcr Balsamico-Essig typischen zarten, s\u00fc\u00df-sauren Geschmack, hergestellt in verschiedenen Geschmacksrichtungen, die den Geschmack der Speisen verst\u00e4rken und jedes Gericht k\u00f6stlich machen.<\/p>\n<p>Die verf\u00fcgbaren Geschmacksrichtungen sind:<\/p>\n<p>Klassisch: vielseitig einsetzbar f\u00fcr alle Gerichte wie Risotto, K\u00e4se, Nudeln, Fleisch, Fisch, S\u00fc\u00dfigkeiten und Desserts;<br \/>\nHonig: Passt hervorragend zu Nudelgerichten, Fleisch (gebraten und gegrillt) sowie frischem und gereiftem K\u00e4se;<br \/>\nApfel und Feige: Ideal zu Fisch, Obstsalaten, Desserts und Eis.<\/p>\n","protected":false},"featured_media":16961,"template":"","meta":{"_acf_changed":false},"product_brand":[],"product_cat":[312],"product_tag":[322,323],"class_list":{"0":"post-16965","1":"product","2":"type-product","3":"status-publish","4":"has-post-thumbnail","6":"product_cat-italienischer-essige","7":"product_tag-frantoio-manestrini-de","8":"product_tag-lombardei","10":"first","11":"instock","12":"taxable","13":"shipping-taxable","14":"purchasable","15":"product-type-simple"},"acf":[],"_links":{"self":[{"href":"https:\/\/gocceditalia.it\/de\/wp-json\/wp\/v2\/product\/16965","targetHints":{"allow":["GET"]}}],"collection":[{"href":"https:\/\/gocceditalia.it\/de\/wp-json\/wp\/v2\/product"}],"about":[{"href":"https:\/\/gocceditalia.it\/de\/wp-json\/wp\/v2\/types\/product"}],"version-history":[{"count":1,"href":"https:\/\/gocceditalia.it\/de\/wp-json\/wp\/v2\/product\/16965\/revisions"}],"predecessor-version":[{"id":16966,"href":"https:\/\/gocceditalia.it\/de\/wp-json\/wp\/v2\/product\/16965\/revisions\/16966"}],"wp:featuredmedia":[{"embeddable":true,"href":"https:\/\/gocceditalia.it\/de\/wp-json\/wp\/v2\/media\/16961"}],"wp:attachment":[{"href":"https:\/\/gocceditalia.it\/de\/wp-json\/wp\/v2\/media?parent=16965"}],"wp:term":[{"taxonomy":"product_brand","embeddable":true,"href":"https:\/\/gocceditalia.it\/de\/wp-json\/wp\/v2\/product_brand?post=16965"},{"taxonomy":"product_cat","embeddable":true,"href":"https:\/\/gocceditalia.it\/de\/wp-json\/wp\/v2\/product_cat?post=16965"},{"taxonomy":"product_tag","embeddable":true,"href":"https:\/\/gocceditalia.it\/de\/wp-json\/wp\/v2\/product_tag?post=16965"}],"curies":[{"name":"wp","href":"https:\/\/api.w.org\/{rel}","templated":true}]}}