{"id":17452,"date":"2023-11-13T18:12:42","date_gmt":"2023-11-13T17:12:42","guid":{"rendered":"https:\/\/gocceditalia.it\/miele-di-acacia\/"},"modified":"2025-12-02T00:00:09","modified_gmt":"2025-12-01T23:00:09","slug":"miele-di-acacia","status":"publish","type":"product","link":"https:\/\/gocceditalia.it\/de\/miele-di-acacia\/","title":{"rendered":"Akazienhonig"},"content":{"rendered":"<p>Italienischer Akazienhonig<\/p>\n","protected":false},"excerpt":{"rendered":"<p>Nettogewicht: 500g<\/p>\n<p>Akazienhonig hat eine helle, transparente Farbe und einen leichten, blumigen Geschmack. Es wird besonders wegen seiner fl\u00fcssigen Konsistenz und seiner F\u00e4higkeit, nicht so leicht zu kristallisieren, gesch\u00e4tzt. Es ist ideal zum puren Genuss oder als S\u00fc\u00dfungsmittel f\u00fcr Tee, Kaffee, Joghurt und andere Speisen. Es passt auch hervorragend zu Frischk\u00e4se oder als Zutat in Saucen und Marinaden.<\/p>\n","protected":false},"featured_media":17457,"template":"","meta":{"_acf_changed":false},"product_brand":[],"product_cat":[1365,422],"product_tag":[453],"class_list":{"0":"post-17452","1":"product","2":"type-product","3":"status-publish","4":"has-post-thumbnail","6":"product_cat-black-friday-de","7":"product_cat-italienischer-honig-marmelade","8":"product_tag-gocce-ditalia-de","10":"first","11":"instock","12":"taxable","13":"shipping-taxable","14":"purchasable","15":"product-type-simple"},"acf":[],"_links":{"self":[{"href":"https:\/\/gocceditalia.it\/de\/wp-json\/wp\/v2\/product\/17452","targetHints":{"allow":["GET"]}}],"collection":[{"href":"https:\/\/gocceditalia.it\/de\/wp-json\/wp\/v2\/product"}],"about":[{"href":"https:\/\/gocceditalia.it\/de\/wp-json\/wp\/v2\/types\/product"}],"version-history":[{"count":2,"href":"https:\/\/gocceditalia.it\/de\/wp-json\/wp\/v2\/product\/17452\/revisions"}],"predecessor-version":[{"id":17456,"href":"https:\/\/gocceditalia.it\/de\/wp-json\/wp\/v2\/product\/17452\/revisions\/17456"}],"wp:featuredmedia":[{"embeddable":true,"href":"https:\/\/gocceditalia.it\/de\/wp-json\/wp\/v2\/media\/17457"}],"wp:attachment":[{"href":"https:\/\/gocceditalia.it\/de\/wp-json\/wp\/v2\/media?parent=17452"}],"wp:term":[{"taxonomy":"product_brand","embeddable":true,"href":"https:\/\/gocceditalia.it\/de\/wp-json\/wp\/v2\/product_brand?post=17452"},{"taxonomy":"product_cat","embeddable":true,"href":"https:\/\/gocceditalia.it\/de\/wp-json\/wp\/v2\/product_cat?post=17452"},{"taxonomy":"product_tag","embeddable":true,"href":"https:\/\/gocceditalia.it\/de\/wp-json\/wp\/v2\/product_tag?post=17452"}],"curies":[{"name":"wp","href":"https:\/\/api.w.org\/{rel}","templated":true}]}}