{"id":17468,"date":"2023-11-13T18:29:39","date_gmt":"2023-11-13T17:29:39","guid":{"rendered":"https:\/\/gocceditalia.it\/miele-di-castagno\/"},"modified":"2025-12-02T00:00:09","modified_gmt":"2025-12-01T23:00:09","slug":"miele-di-castagno","status":"publish","type":"product","link":"https:\/\/gocceditalia.it\/de\/miele-di-castagno\/","title":{"rendered":"Kastanienhonig"},"content":{"rendered":"<p>Italienischer Kastanienhonig<\/p>\n","protected":false},"excerpt":{"rendered":"<p>Nettogewicht: 500g<\/p>\n<p>Kastanienhonig hat eine dunkelbraune bis fast schwarze Farbe und einen intensiven, leicht bitteren Geschmack.<\/p>\n<p>Kastanienhonig wird wegen seines einzigartigen Geschmacks und seiner Vielseitigkeit beim Kochen gesch\u00e4tzt. Es eignet sich hervorragend als Brotaufstrich oder als S\u00fc\u00dfungsmittel in Rezepten auf der Basis von Schokolade oder Trockenfr\u00fcchten. Es passt auch gut zu reifem K\u00e4se und verleiht Saucen und Marinaden eine besondere Note. Dank seiner antioxidativen Eigenschaften wird Kastanienhonig auch f\u00fcr seine gesundheitlichen Vorteile gesch\u00e4tzt.<\/p>\n","protected":false},"featured_media":17464,"template":"","meta":{"_acf_changed":false},"product_brand":[],"product_cat":[1365,422],"product_tag":[453],"class_list":{"0":"post-17468","1":"product","2":"type-product","3":"status-publish","4":"has-post-thumbnail","6":"product_cat-black-friday-de","7":"product_cat-italienischer-honig-marmelade","8":"product_tag-gocce-ditalia-de","10":"first","11":"instock","12":"taxable","13":"shipping-taxable","14":"purchasable","15":"product-type-simple"},"acf":[],"_links":{"self":[{"href":"https:\/\/gocceditalia.it\/de\/wp-json\/wp\/v2\/product\/17468","targetHints":{"allow":["GET"]}}],"collection":[{"href":"https:\/\/gocceditalia.it\/de\/wp-json\/wp\/v2\/product"}],"about":[{"href":"https:\/\/gocceditalia.it\/de\/wp-json\/wp\/v2\/types\/product"}],"version-history":[{"count":1,"href":"https:\/\/gocceditalia.it\/de\/wp-json\/wp\/v2\/product\/17468\/revisions"}],"predecessor-version":[{"id":17469,"href":"https:\/\/gocceditalia.it\/de\/wp-json\/wp\/v2\/product\/17468\/revisions\/17469"}],"wp:featuredmedia":[{"embeddable":true,"href":"https:\/\/gocceditalia.it\/de\/wp-json\/wp\/v2\/media\/17464"}],"wp:attachment":[{"href":"https:\/\/gocceditalia.it\/de\/wp-json\/wp\/v2\/media?parent=17468"}],"wp:term":[{"taxonomy":"product_brand","embeddable":true,"href":"https:\/\/gocceditalia.it\/de\/wp-json\/wp\/v2\/product_brand?post=17468"},{"taxonomy":"product_cat","embeddable":true,"href":"https:\/\/gocceditalia.it\/de\/wp-json\/wp\/v2\/product_cat?post=17468"},{"taxonomy":"product_tag","embeddable":true,"href":"https:\/\/gocceditalia.it\/de\/wp-json\/wp\/v2\/product_tag?post=17468"}],"curies":[{"name":"wp","href":"https:\/\/api.w.org\/{rel}","templated":true}]}}