{"id":17477,"date":"2023-11-13T18:45:23","date_gmt":"2023-11-13T17:45:23","guid":{"rendered":"https:\/\/gocceditalia.it\/?post_type=product&#038;p=17477"},"modified":"2025-12-02T00:00:09","modified_gmt":"2025-12-01T23:00:09","slug":"miele-di-millefiori","status":"publish","type":"product","link":"https:\/\/gocceditalia.it\/de\/miele-di-millefiori\/","title":{"rendered":"Wildblumenhonig"},"content":{"rendered":"<p>Italienischer Wildblumenhonig<\/p>\n","protected":false},"excerpt":{"rendered":"<p>Nettogewicht: 500g<\/p>\n<p>Wildblumenhonig ist eine Honigsorte, die aus einer Vielzahl verschiedener Bl\u00fcten und nicht aus einer einzigen Bl\u00fctenart hergestellt wird. Das bedeutet, dass Bienen sich vom Nektar vieler verschiedener Bl\u00fcten ern\u00e4hren und so Honig mit einem komplexen und vielf\u00e4ltigen Geschmack erzeugen. Die Farbe von Wildblumenhonig kann je nach den Bl\u00fcten, von denen er stammt, von golden bis dunkel variieren.<\/p>\n<p>Wildbl\u00fctenhonig wird aufgrund seines reichen und aromatischen Geschmacks f\u00fcr seine Vielseitigkeit in der K\u00fcche gesch\u00e4tzt. Es kann zum S\u00fc\u00dfen von Tee und Kaffee, als Brotaufstrich oder in s\u00fc\u00dfen und herzhaften Rezepten verwendet werden. Dank seiner Vielfalt an Bl\u00fcten kann Wildblumenhonig dank der antioxidativen und antibakteriellen Eigenschaften der verschiedenen Bl\u00fcten, aus denen er gewonnen wird, eine Vielzahl von gesundheitlichen Vorteilen bieten.<\/p>\n","protected":false},"featured_media":17475,"template":"","meta":{"_acf_changed":false},"product_brand":[],"product_cat":[1365,422],"product_tag":[453],"class_list":{"0":"post-17477","1":"product","2":"type-product","3":"status-publish","4":"has-post-thumbnail","6":"product_cat-black-friday-de","7":"product_cat-italienischer-honig-marmelade","8":"product_tag-gocce-ditalia-de","10":"first","11":"instock","12":"taxable","13":"shipping-taxable","14":"purchasable","15":"product-type-simple"},"acf":[],"_links":{"self":[{"href":"https:\/\/gocceditalia.it\/de\/wp-json\/wp\/v2\/product\/17477","targetHints":{"allow":["GET"]}}],"collection":[{"href":"https:\/\/gocceditalia.it\/de\/wp-json\/wp\/v2\/product"}],"about":[{"href":"https:\/\/gocceditalia.it\/de\/wp-json\/wp\/v2\/types\/product"}],"version-history":[{"count":3,"href":"https:\/\/gocceditalia.it\/de\/wp-json\/wp\/v2\/product\/17477\/revisions"}],"predecessor-version":[{"id":17484,"href":"https:\/\/gocceditalia.it\/de\/wp-json\/wp\/v2\/product\/17477\/revisions\/17484"}],"wp:featuredmedia":[{"embeddable":true,"href":"https:\/\/gocceditalia.it\/de\/wp-json\/wp\/v2\/media\/17475"}],"wp:attachment":[{"href":"https:\/\/gocceditalia.it\/de\/wp-json\/wp\/v2\/media?parent=17477"}],"wp:term":[{"taxonomy":"product_brand","embeddable":true,"href":"https:\/\/gocceditalia.it\/de\/wp-json\/wp\/v2\/product_brand?post=17477"},{"taxonomy":"product_cat","embeddable":true,"href":"https:\/\/gocceditalia.it\/de\/wp-json\/wp\/v2\/product_cat?post=17477"},{"taxonomy":"product_tag","embeddable":true,"href":"https:\/\/gocceditalia.it\/de\/wp-json\/wp\/v2\/product_tag?post=17477"}],"curies":[{"name":"wp","href":"https:\/\/api.w.org\/{rel}","templated":true}]}}