{"id":17499,"date":"2023-11-14T13:27:05","date_gmt":"2023-11-14T12:27:05","guid":{"rendered":"https:\/\/gocceditalia.it\/miele-tarassaco\/"},"modified":"2025-12-02T00:00:09","modified_gmt":"2025-12-01T23:00:09","slug":"miele-tarassaco","status":"publish","type":"product","link":"https:\/\/gocceditalia.it\/de\/miele-tarassaco\/","title":{"rendered":"L\u00f6wenzahnhonig"},"content":{"rendered":"<p>Italienischer L\u00f6wenzahnhonig<\/p>\n","protected":false},"excerpt":{"rendered":"<p>Nettogewicht: 500g<\/p>\n<p>L\u00f6wenzahnhonig hat einen s\u00fc\u00dfen und leicht bitteren Geschmack und ist f\u00fcr seine antioxidativen und entz\u00fcndungshemmenden Eigenschaften bekannt. Es wird oft beim Kochen als nat\u00fcrlicher S\u00fc\u00dfstoff oder als nat\u00fcrliches Heilmittel bei bestimmten Gesundheitszust\u00e4nden verwendet.<\/p>\n","protected":false},"featured_media":17494,"template":"","meta":{"_acf_changed":false},"product_brand":[],"product_cat":[1365,422],"product_tag":[453],"class_list":{"0":"post-17499","1":"product","2":"type-product","3":"status-publish","4":"has-post-thumbnail","6":"product_cat-black-friday-de","7":"product_cat-italienischer-honig-marmelade","8":"product_tag-gocce-ditalia-de","10":"first","11":"instock","12":"taxable","13":"shipping-taxable","14":"purchasable","15":"product-type-simple"},"acf":[],"_links":{"self":[{"href":"https:\/\/gocceditalia.it\/de\/wp-json\/wp\/v2\/product\/17499","targetHints":{"allow":["GET"]}}],"collection":[{"href":"https:\/\/gocceditalia.it\/de\/wp-json\/wp\/v2\/product"}],"about":[{"href":"https:\/\/gocceditalia.it\/de\/wp-json\/wp\/v2\/types\/product"}],"version-history":[{"count":1,"href":"https:\/\/gocceditalia.it\/de\/wp-json\/wp\/v2\/product\/17499\/revisions"}],"predecessor-version":[{"id":17501,"href":"https:\/\/gocceditalia.it\/de\/wp-json\/wp\/v2\/product\/17499\/revisions\/17501"}],"wp:featuredmedia":[{"embeddable":true,"href":"https:\/\/gocceditalia.it\/de\/wp-json\/wp\/v2\/media\/17494"}],"wp:attachment":[{"href":"https:\/\/gocceditalia.it\/de\/wp-json\/wp\/v2\/media?parent=17499"}],"wp:term":[{"taxonomy":"product_brand","embeddable":true,"href":"https:\/\/gocceditalia.it\/de\/wp-json\/wp\/v2\/product_brand?post=17499"},{"taxonomy":"product_cat","embeddable":true,"href":"https:\/\/gocceditalia.it\/de\/wp-json\/wp\/v2\/product_cat?post=17499"},{"taxonomy":"product_tag","embeddable":true,"href":"https:\/\/gocceditalia.it\/de\/wp-json\/wp\/v2\/product_tag?post=17499"}],"curies":[{"name":"wp","href":"https:\/\/api.w.org\/{rel}","templated":true}]}}