{"id":17510,"date":"2023-11-14T13:39:07","date_gmt":"2023-11-14T12:39:07","guid":{"rendered":"https:\/\/gocceditalia.it\/miele-di-eucalipto\/"},"modified":"2025-12-02T00:00:09","modified_gmt":"2025-12-01T23:00:09","slug":"miele-di-eucalipto","status":"publish","type":"product","link":"https:\/\/gocceditalia.it\/de\/miele-di-eucalipto\/","title":{"rendered":"Eukalyptushonig"},"content":{"rendered":"<p>Italienischer Eukalyptushonig<\/p>\n","protected":false},"excerpt":{"rendered":"<p>Nettogewicht: 500g<\/p>\n<p>Eukalyptushonig hat einen charakteristischen, leicht minzigen und frischen Geschmack und ist f\u00fcr seine antibakteriellen und entz\u00fcndungshemmenden Eigenschaften bekannt. Es wird oft als nat\u00fcrliches Heilmittel zur Linderung von Husten und Erk\u00e4ltungssymptomen sowie als nat\u00fcrlicher S\u00fc\u00dfstoff beim Kochen verwendet.<\/p>\n","protected":false},"featured_media":17507,"template":"","meta":{"_acf_changed":false},"product_brand":[],"product_cat":[1365,422],"product_tag":[453],"class_list":{"0":"post-17510","1":"product","2":"type-product","3":"status-publish","4":"has-post-thumbnail","6":"product_cat-black-friday-de","7":"product_cat-italienischer-honig-marmelade","8":"product_tag-gocce-ditalia-de","10":"first","11":"instock","12":"taxable","13":"shipping-taxable","14":"purchasable","15":"product-type-simple"},"acf":[],"_links":{"self":[{"href":"https:\/\/gocceditalia.it\/de\/wp-json\/wp\/v2\/product\/17510","targetHints":{"allow":["GET"]}}],"collection":[{"href":"https:\/\/gocceditalia.it\/de\/wp-json\/wp\/v2\/product"}],"about":[{"href":"https:\/\/gocceditalia.it\/de\/wp-json\/wp\/v2\/types\/product"}],"version-history":[{"count":2,"href":"https:\/\/gocceditalia.it\/de\/wp-json\/wp\/v2\/product\/17510\/revisions"}],"predecessor-version":[{"id":17513,"href":"https:\/\/gocceditalia.it\/de\/wp-json\/wp\/v2\/product\/17510\/revisions\/17513"}],"wp:featuredmedia":[{"embeddable":true,"href":"https:\/\/gocceditalia.it\/de\/wp-json\/wp\/v2\/media\/17507"}],"wp:attachment":[{"href":"https:\/\/gocceditalia.it\/de\/wp-json\/wp\/v2\/media?parent=17510"}],"wp:term":[{"taxonomy":"product_brand","embeddable":true,"href":"https:\/\/gocceditalia.it\/de\/wp-json\/wp\/v2\/product_brand?post=17510"},{"taxonomy":"product_cat","embeddable":true,"href":"https:\/\/gocceditalia.it\/de\/wp-json\/wp\/v2\/product_cat?post=17510"},{"taxonomy":"product_tag","embeddable":true,"href":"https:\/\/gocceditalia.it\/de\/wp-json\/wp\/v2\/product_tag?post=17510"}],"curies":[{"name":"wp","href":"https:\/\/api.w.org\/{rel}","templated":true}]}}