{"id":17557,"date":"2023-11-14T15:11:53","date_gmt":"2023-11-14T14:11:53","guid":{"rendered":"https:\/\/gocceditalia.it\/composta-bio-di-fragole-al-balsamico\/"},"modified":"2023-11-14T15:25:22","modified_gmt":"2023-11-14T14:25:22","slug":"composta-bio-di-fragole-al-balsamico","status":"publish","type":"product","link":"https:\/\/gocceditalia.it\/de\/composta-bio-di-fragole-al-balsamico\/","title":{"rendered":"Bio-Erdbeerkompott mit Balsamico"},"content":{"rendered":"<p><strong>Zutaten<\/strong><br \/>\nErdbeeren*80%, Rohrzucker*, gekochter Most* (Sulfit), Weinessig* (Sulfit)<br \/>\n* Aus biologischem Anbau<\/p>\n","protected":false},"excerpt":{"rendered":"<p>Nettogewicht: 130g<\/p>\n<p>Das Bio-Erdbeerkompott mit Balsamico ist eine k\u00f6stliche Mischung aus s\u00fc\u00dfen und saftigen Bio-Erdbeeren, kombiniert mit dem einzigartigen und leicht s\u00e4uerlichen Geschmack von Balsamico.<\/p>\n<p>Perfekt zum Bestreichen von ger\u00f6steten Brotscheiben, als Beilage zu K\u00e4se oder als Zutat f\u00fcr S\u00fc\u00dfigkeiten und Desserts.<\/p>\n<p>Eine tolle Erg\u00e4nzung f\u00fcr Ihre Speisekammer, um Ihren Gerichten einen Hauch von Frische und Geschmack zu verleihen.<\/p>\n<p>Auch in anderen Geschmacksrichtungen erh\u00e4ltlich:<\/p>\n<ul>\n<li>Bio-Kompott aus karamellisierten Feigen mit Balsamico<\/li>\n<li>Bio-Birnenkompott mit Balsamico<\/li>\n<li>Bio-Balsamico-Zwiebelkompott<\/li>\n<\/ul>\n","protected":false},"featured_media":17552,"template":"","meta":{"_acf_changed":false},"product_brand":[],"product_cat":[15],"product_tag":[453],"class_list":{"0":"post-17557","1":"product","2":"type-product","3":"status-publish","4":"has-post-thumbnail","6":"product_cat-uncategorized","7":"product_tag-gocce-ditalia-de","9":"first","10":"instock","11":"taxable","12":"shipping-taxable","13":"purchasable","14":"product-type-simple"},"acf":[],"_links":{"self":[{"href":"https:\/\/gocceditalia.it\/de\/wp-json\/wp\/v2\/product\/17557","targetHints":{"allow":["GET"]}}],"collection":[{"href":"https:\/\/gocceditalia.it\/de\/wp-json\/wp\/v2\/product"}],"about":[{"href":"https:\/\/gocceditalia.it\/de\/wp-json\/wp\/v2\/types\/product"}],"version-history":[{"count":1,"href":"https:\/\/gocceditalia.it\/de\/wp-json\/wp\/v2\/product\/17557\/revisions"}],"predecessor-version":[{"id":17559,"href":"https:\/\/gocceditalia.it\/de\/wp-json\/wp\/v2\/product\/17557\/revisions\/17559"}],"wp:featuredmedia":[{"embeddable":true,"href":"https:\/\/gocceditalia.it\/de\/wp-json\/wp\/v2\/media\/17552"}],"wp:attachment":[{"href":"https:\/\/gocceditalia.it\/de\/wp-json\/wp\/v2\/media?parent=17557"}],"wp:term":[{"taxonomy":"product_brand","embeddable":true,"href":"https:\/\/gocceditalia.it\/de\/wp-json\/wp\/v2\/product_brand?post=17557"},{"taxonomy":"product_cat","embeddable":true,"href":"https:\/\/gocceditalia.it\/de\/wp-json\/wp\/v2\/product_cat?post=17557"},{"taxonomy":"product_tag","embeddable":true,"href":"https:\/\/gocceditalia.it\/de\/wp-json\/wp\/v2\/product_tag?post=17557"}],"curies":[{"name":"wp","href":"https:\/\/api.w.org\/{rel}","templated":true}]}}