{"id":17566,"date":"2023-11-14T15:31:37","date_gmt":"2023-11-14T14:31:37","guid":{"rendered":"https:\/\/gocceditalia.it\/composta-bio-di-pere-al-balsamico\/"},"modified":"2024-01-22T23:09:08","modified_gmt":"2024-01-22T22:09:08","slug":"composta-bio-di-pere-al-balsamico","status":"publish","type":"product","link":"https:\/\/gocceditalia.it\/de\/composta-bio-di-pere-al-balsamico\/","title":{"rendered":"Bio-Birnenkompott mit Balsamico"},"content":{"rendered":"<p><strong>Zutaten<\/strong><br \/>\nBirnen *70 %, Rohrzucker*, gekochter Most* (Sulfit), Weinessig* (Sulfit)<br \/>\n* Aus biologischem Anbau<\/p>\n","protected":false},"excerpt":{"rendered":"<p>Nettogewicht: 130g<\/p>\n<p>Das Bio-Birnenkompott mit Balsamico ist eine k\u00f6stliche Mischung aus reifen und saftigen Bio-Birnen, perfekt kombiniert mit dem einzigartigen und leicht s\u00e4uerlichen Geschmack von Balsamico.<\/p>\n<p>Perfekt zum Bestreichen von ger\u00f6steten Brotscheiben, als Beilage zu K\u00e4se oder als Zutat f\u00fcr S\u00fc\u00dfigkeiten und Desserts.<\/p>\n<p>Eine tolle Erg\u00e4nzung f\u00fcr Ihre Speisekammer, um Ihren Gerichten einen Hauch von Frische und Geschmack zu verleihen.<\/p>\n<p>Auch in anderen Geschmacksrichtungen erh\u00e4ltlich:<\/p>\n<ul>\n<li>Bio-Kompott aus karamellisierten Feigen mit Balsamico<\/li>\n<li>Bio-Erdbeerkompott mit Balsamico<\/li>\n<li>Bio-Balsamico-Zwiebelkompott<\/li>\n<\/ul>\n","protected":false},"featured_media":17563,"template":"","meta":{"_acf_changed":false},"product_brand":[],"product_cat":[460],"product_tag":[453],"class_list":{"0":"post-17566","1":"product","2":"type-product","3":"status-publish","4":"has-post-thumbnail","6":"product_cat-aktionen","7":"product_tag-gocce-ditalia-de","9":"first","10":"instock","11":"taxable","12":"shipping-taxable","13":"purchasable","14":"product-type-simple"},"acf":[],"_links":{"self":[{"href":"https:\/\/gocceditalia.it\/de\/wp-json\/wp\/v2\/product\/17566","targetHints":{"allow":["GET"]}}],"collection":[{"href":"https:\/\/gocceditalia.it\/de\/wp-json\/wp\/v2\/product"}],"about":[{"href":"https:\/\/gocceditalia.it\/de\/wp-json\/wp\/v2\/types\/product"}],"version-history":[{"count":1,"href":"https:\/\/gocceditalia.it\/de\/wp-json\/wp\/v2\/product\/17566\/revisions"}],"predecessor-version":[{"id":17569,"href":"https:\/\/gocceditalia.it\/de\/wp-json\/wp\/v2\/product\/17566\/revisions\/17569"}],"wp:featuredmedia":[{"embeddable":true,"href":"https:\/\/gocceditalia.it\/de\/wp-json\/wp\/v2\/media\/17563"}],"wp:attachment":[{"href":"https:\/\/gocceditalia.it\/de\/wp-json\/wp\/v2\/media?parent=17566"}],"wp:term":[{"taxonomy":"product_brand","embeddable":true,"href":"https:\/\/gocceditalia.it\/de\/wp-json\/wp\/v2\/product_brand?post=17566"},{"taxonomy":"product_cat","embeddable":true,"href":"https:\/\/gocceditalia.it\/de\/wp-json\/wp\/v2\/product_cat?post=17566"},{"taxonomy":"product_tag","embeddable":true,"href":"https:\/\/gocceditalia.it\/de\/wp-json\/wp\/v2\/product_tag?post=17566"}],"curies":[{"name":"wp","href":"https:\/\/api.w.org\/{rel}","templated":true}]}}