{"id":17617,"date":"2023-11-16T18:50:52","date_gmt":"2023-11-16T17:50:52","guid":{"rendered":"https:\/\/gocceditalia.it\/box-degustazione-4-oli-100ml\/"},"modified":"2026-02-02T16:08:58","modified_gmt":"2026-02-02T15:08:58","slug":"box-degustazione-4-oli-100ml","status":"publish","type":"product","link":"https:\/\/gocceditalia.it\/de\/box-degustazione-4-oli-100ml\/","title":{"rendered":"Box \u2013 Verkostung von 4 \u00d6len (100 ml)"},"content":{"rendered":"<p data-path-to-node=\"1\">Der perfekte Weg, unsere Qualit\u00e4t zu entdecken oder ein edles Geschenk zu machen. Diese Degustationsbox enth\u00e4lt <b data-path-to-node=\"1\" data-index-in-node=\"112\">vier<\/b> 100ml-Flaschen, die Sie individuell aus unseren Sorten ausw\u00e4hlen k\u00f6nnen.<\/p>\n<p data-path-to-node=\"2\"><b data-path-to-node=\"2\" data-index-in-node=\"0\">Format:<\/b> 4 x 100ml<\/p>\n<p data-path-to-node=\"2\"><b data-path-to-node=\"2\" data-index-in-node=\"18\">Ideal f\u00fcr:<\/b> Verkostungen, Geschenke, Gastgeschenke.<\/p>\n<p data-path-to-node=\"2\"><b data-path-to-node=\"2\" data-index-in-node=\"69\">Inhalt:<\/b> Personalisierbar (w\u00e4hlen Sie die \u00d6le oben aus)<\/p>\n","protected":false},"excerpt":{"rendered":"<p data-path-to-node=\"2\">K\u00f6nnen Sie sich nicht entscheiden oder m\u00f6chten Sie alle Nuancen unseres nativen Oliven\u00f6ls extra entdecken? Unsere <b data-path-to-node=\"2\" data-index-in-node=\"114\">Degustationsbox<\/b> ist genau das Richtige f\u00fcr Sie. Wir haben die Essenz unserer Produktion in <b data-path-to-node=\"2\" data-index-in-node=\"205\">4 eleganten 100ml-Flaschen<\/b> eingefangen \u2013 das perfekte Format, um Exzellenz auf den Tisch zu bringen, Kostprobe f\u00fcr Kostprobe.<\/p>\n<p data-path-to-node=\"3\"><b data-path-to-node=\"3\" data-index-in-node=\"0\">Warum diese Box w\u00e4hlen?<\/b><\/p>\n<ul data-path-to-node=\"4\">\n<li>\n<p data-path-to-node=\"4,0,0\"><b data-path-to-node=\"4,0,0\" data-index-in-node=\"0\">Das perfekte Geschenk:<\/b> Eine gepflegte und elegante Verpackung, ideal, um Gourmet-Freunde, Kunden oder Verwandte mit einer raffinierten und authentischen Aufmerksamkeit zu \u00fcberraschen.<\/p>\n<\/li>\n<li>\n<p data-path-to-node=\"4,1,0\"><b data-path-to-node=\"4,1,0\" data-index-in-node=\"0\">Vollst\u00e4ndige Verkostung:<\/b> Der beste Weg, um herauszufinden, welche Fruchtigkeit oder Sorte am besten zu Ihren Lieblingsgerichten passt, bevor Sie das gro\u00dfe Format kaufen.<\/p>\n<\/li>\n<li>\n<p data-path-to-node=\"4,2,0\"><b data-path-to-node=\"4,2,0\" data-index-in-node=\"0\">Stellen Sie Ihr Erlebnis selbst zusammen:<\/b> Dies ist keine vorgefertigte Box! Sie entscheiden, welche \u00d6le hineinkommen.<\/p>\n<\/li>\n<\/ul>\n<p data-path-to-node=\"5\"><b data-path-to-node=\"5\" data-index-in-node=\"0\">So bestellen Sie:<\/b> W\u00e4hlen Sie \u00fcber die untenstehenden K\u00e4stchen die <b data-path-to-node=\"5\" data-index-in-node=\"66\">4 Varianten<\/b> aus, die Sie probieren m\u00f6chten, und legen Sie Ihre pers\u00f6nliche Genussreise in den Warenkorb.<\/p>\n","protected":false},"featured_media":19193,"template":"","meta":{"_acf_changed":false},"product_brand":[],"product_cat":[321,463],"product_tag":[1211,1519],"class_list":{"0":"post-17617","1":"product","2":"type-product","3":"status-publish","4":"has-post-thumbnail","6":"product_cat-italienisches-natives-olivenoel-extra","7":"product_cat-italienische-geschenkboxen","8":"product_tag-made-in-italy-de","9":"product_tag-tasting-box-de","10":"wcpa_has_options","12":"first","13":"instock","14":"taxable","15":"shipping-taxable","16":"purchasable","17":"product-type-simple"},"acf":[],"_links":{"self":[{"href":"https:\/\/gocceditalia.it\/de\/wp-json\/wp\/v2\/product\/17617","targetHints":{"allow":["GET"]}}],"collection":[{"href":"https:\/\/gocceditalia.it\/de\/wp-json\/wp\/v2\/product"}],"about":[{"href":"https:\/\/gocceditalia.it\/de\/wp-json\/wp\/v2\/types\/product"}],"version-history":[{"count":7,"href":"https:\/\/gocceditalia.it\/de\/wp-json\/wp\/v2\/product\/17617\/revisions"}],"predecessor-version":[{"id":28378,"href":"https:\/\/gocceditalia.it\/de\/wp-json\/wp\/v2\/product\/17617\/revisions\/28378"}],"wp:featuredmedia":[{"embeddable":true,"href":"https:\/\/gocceditalia.it\/de\/wp-json\/wp\/v2\/media\/19193"}],"wp:attachment":[{"href":"https:\/\/gocceditalia.it\/de\/wp-json\/wp\/v2\/media?parent=17617"}],"wp:term":[{"taxonomy":"product_brand","embeddable":true,"href":"https:\/\/gocceditalia.it\/de\/wp-json\/wp\/v2\/product_brand?post=17617"},{"taxonomy":"product_cat","embeddable":true,"href":"https:\/\/gocceditalia.it\/de\/wp-json\/wp\/v2\/product_cat?post=17617"},{"taxonomy":"product_tag","embeddable":true,"href":"https:\/\/gocceditalia.it\/de\/wp-json\/wp\/v2\/product_tag?post=17617"}],"curies":[{"name":"wp","href":"https:\/\/api.w.org\/{rel}","templated":true}]}}