{"id":17664,"date":"2023-11-22T18:51:58","date_gmt":"2023-11-22T17:51:58","guid":{"rendered":"https:\/\/gocceditalia.it\/box-degustazione5-oli-100ml\/"},"modified":"2026-02-02T16:03:15","modified_gmt":"2026-02-02T15:03:15","slug":"box-degustazione5-oli-100ml","status":"publish","type":"product","link":"https:\/\/gocceditalia.it\/de\/box-degustazione5-oli-100ml\/","title":{"rendered":"Box &#8211; Verkostung von 5 \u00d6len (100ml)"},"content":{"rendered":"<p data-path-to-node=\"5\">Die perfekte Art, unsere Qualit\u00e4t zu entdecken oder ein edles Geschenk zu machen. Diese Verkostungsbox enth\u00e4lt f\u00fcnf 100-ml-Flaschen, die Sie pers\u00f6nlich aus unseren Sorten ausw\u00e4hlen k\u00f6nnen.<\/p>\n<ul data-path-to-node=\"6\">\n<li>\n<p data-path-to-node=\"6,0,0\"><b data-path-to-node=\"6,0,0\" data-index-in-node=\"0\">Format:<\/b> 5 x 100 ml<\/p>\n<\/li>\n<li>\n<p data-path-to-node=\"6,1,0\"><b data-path-to-node=\"6,1,0\" data-index-in-node=\"0\">Ideal f\u00fcr:<\/b> Verkostungen, Geschenke, Gastgeschenke.<\/p>\n<\/li>\n<li>\n<p data-path-to-node=\"6,2,0\"><b data-path-to-node=\"6,2,0\" data-index-in-node=\"0\">Zusammensetzung:<\/b> Nach Wahl (w\u00e4hlen Sie die \u00d6le oben aus).<\/p>\n<\/li>\n<\/ul>\n","protected":false},"excerpt":{"rendered":"<p data-path-to-node=\"13\">Sie k\u00f6nnen sich nicht entscheiden oder m\u00f6chten alle Nuancen unseres nativen Oliven\u00f6ls extra entdecken? Unsere <b data-path-to-node=\"13\" data-index-in-node=\"110\">Verkostungsbox<\/b> ist genau f\u00fcr Sie gemacht.<\/p>\n<p data-path-to-node=\"14\">Wir haben die Essenz unserer Produktion in <b data-path-to-node=\"14\" data-index-in-node=\"43\">f\u00fcnf eleganten 100-ml-Flaschen<\/b> eingefangen \u2013 das perfekte Format, um Exzellenz auf den Tisch zu bringen, Kostprobe f\u00fcr Kostprobe.<\/p>\n<p data-path-to-node=\"15\"><b data-path-to-node=\"15\" data-index-in-node=\"0\">Warum diese Box w\u00e4hlen?<\/b><\/p>\n<ul data-path-to-node=\"16\">\n<li>\n<p data-path-to-node=\"16,0,0\"><b data-path-to-node=\"16,0,0\" data-index-in-node=\"0\">Das perfekte Geschenk:<\/b> Eine gepflegte und elegante Verpackung, ideal, um Gourmet-Freunde, Kunden oder Verwandte mit einer raffinierten und authentischen Aufmerksamkeit zu \u00fcberraschen.<\/p>\n<\/li>\n<li>\n<p data-path-to-node=\"16,1,0\"><b data-path-to-node=\"16,1,0\" data-index-in-node=\"0\">Umfassende Verkostung:<\/b> Der beste Weg, um herauszufinden, welche fruchtige Note oder Sorte am besten zu Ihren Lieblingsgerichten passt, bevor Sie das gro\u00dfe Format kaufen.<\/p>\n<\/li>\n<li>\n<p data-path-to-node=\"16,2,0\"><b data-path-to-node=\"16,2,0\" data-index-in-node=\"0\">Stellen Sie Ihr Erlebnis selbst zusammen:<\/b> Dies ist keine vorgefertigte Box! Sie entscheiden selbst, welche \u00d6le enthalten sein sollen.<\/p>\n<\/li>\n<\/ul>\n<p data-path-to-node=\"17\"><b data-path-to-node=\"17\" data-index-in-node=\"0\">So bestellen Sie:<\/b> W\u00e4hlen Sie die <b data-path-to-node=\"17\" data-index-in-node=\"33\">5 Varianten<\/b>, die Sie probieren m\u00f6chten, \u00fcber die untenstehenden Felder aus und legen Sie Ihre ganz pers\u00f6nliche Genussreise in den Warenkorb.<\/p>\n","protected":false},"featured_media":19199,"template":"","meta":{"_acf_changed":false},"product_brand":[],"product_cat":[321,463],"product_tag":[1211,1519],"class_list":{"0":"post-17664","1":"product","2":"type-product","3":"status-publish","4":"has-post-thumbnail","6":"product_cat-italienisches-natives-olivenoel-extra","7":"product_cat-italienische-geschenkboxen","8":"product_tag-made-in-italy-de","9":"product_tag-tasting-box-de","10":"wcpa_has_options","12":"first","13":"instock","14":"taxable","15":"shipping-taxable","16":"purchasable","17":"product-type-simple"},"acf":[],"_links":{"self":[{"href":"https:\/\/gocceditalia.it\/de\/wp-json\/wp\/v2\/product\/17664","targetHints":{"allow":["GET"]}}],"collection":[{"href":"https:\/\/gocceditalia.it\/de\/wp-json\/wp\/v2\/product"}],"about":[{"href":"https:\/\/gocceditalia.it\/de\/wp-json\/wp\/v2\/types\/product"}],"version-history":[{"count":7,"href":"https:\/\/gocceditalia.it\/de\/wp-json\/wp\/v2\/product\/17664\/revisions"}],"predecessor-version":[{"id":28374,"href":"https:\/\/gocceditalia.it\/de\/wp-json\/wp\/v2\/product\/17664\/revisions\/28374"}],"wp:featuredmedia":[{"embeddable":true,"href":"https:\/\/gocceditalia.it\/de\/wp-json\/wp\/v2\/media\/19199"}],"wp:attachment":[{"href":"https:\/\/gocceditalia.it\/de\/wp-json\/wp\/v2\/media?parent=17664"}],"wp:term":[{"taxonomy":"product_brand","embeddable":true,"href":"https:\/\/gocceditalia.it\/de\/wp-json\/wp\/v2\/product_brand?post=17664"},{"taxonomy":"product_cat","embeddable":true,"href":"https:\/\/gocceditalia.it\/de\/wp-json\/wp\/v2\/product_cat?post=17664"},{"taxonomy":"product_tag","embeddable":true,"href":"https:\/\/gocceditalia.it\/de\/wp-json\/wp\/v2\/product_tag?post=17664"}],"curies":[{"name":"wp","href":"https:\/\/api.w.org\/{rel}","templated":true}]}}