{"id":17949,"date":"2020-11-19T10:07:24","date_gmt":"2024-01-11T15:39:14","guid":{"rendered":"https:\/\/gocceditalia.it\/?post_type=product&#038;p=17949"},"modified":"2026-01-31T13:19:48","modified_gmt":"2026-01-31T12:19:48","slug":"oregano-dressing","status":"publish","type":"product","link":"https:\/\/gocceditalia.it\/de\/oregano-dressing\/","title":{"rendered":"Oregano-Oliven\u00f6l"},"content":{"rendered":"","protected":false},"excerpt":{"rendered":"<h3>W\u00fcrz\u00f6l auf Basis von 100% italienischem nativem Oliven\u00f6l Extra &amp; nat\u00fcrlichem Oreganoaroma &#8211; 0,25 l.<\/h3>\n<p>Intensiv, w\u00fcrzig und mediterran. Die Essenz der italienischen K\u00fcche in einer Flasche.<\/p>\n<p><strong>Ideal zu:<\/strong> Pizza, Caprese (Tomate-Mozzarella), griechischem Salat, Auberginen.<\/p>\n","protected":false},"featured_media":28220,"template":"","meta":{"_acf_changed":false},"product_brand":[],"product_cat":[313],"product_tag":[322,323],"class_list":{"0":"post-17949","1":"product","2":"type-product","3":"status-publish","4":"has-post-thumbnail","6":"product_cat-italienische-wuerzoele","7":"product_tag-frantoio-manestrini-de","8":"product_tag-lombardei","9":"pa_confezione-flasche","10":"pa_confezione-kann","12":"first","13":"instock","14":"taxable","15":"shipping-taxable","16":"purchasable","17":"product-type-simple"},"acf":[],"_links":{"self":[{"href":"https:\/\/gocceditalia.it\/de\/wp-json\/wp\/v2\/product\/17949","targetHints":{"allow":["GET"]}}],"collection":[{"href":"https:\/\/gocceditalia.it\/de\/wp-json\/wp\/v2\/product"}],"about":[{"href":"https:\/\/gocceditalia.it\/de\/wp-json\/wp\/v2\/types\/product"}],"version-history":[{"count":3,"href":"https:\/\/gocceditalia.it\/de\/wp-json\/wp\/v2\/product\/17949\/revisions"}],"predecessor-version":[{"id":28224,"href":"https:\/\/gocceditalia.it\/de\/wp-json\/wp\/v2\/product\/17949\/revisions\/28224"}],"wp:featuredmedia":[{"embeddable":true,"href":"https:\/\/gocceditalia.it\/de\/wp-json\/wp\/v2\/media\/28220"}],"wp:attachment":[{"href":"https:\/\/gocceditalia.it\/de\/wp-json\/wp\/v2\/media?parent=17949"}],"wp:term":[{"taxonomy":"product_brand","embeddable":true,"href":"https:\/\/gocceditalia.it\/de\/wp-json\/wp\/v2\/product_brand?post=17949"},{"taxonomy":"product_cat","embeddable":true,"href":"https:\/\/gocceditalia.it\/de\/wp-json\/wp\/v2\/product_cat?post=17949"},{"taxonomy":"product_tag","embeddable":true,"href":"https:\/\/gocceditalia.it\/de\/wp-json\/wp\/v2\/product_tag?post=17949"}],"curies":[{"name":"wp","href":"https:\/\/api.w.org\/{rel}","templated":true}]}}