{"id":18081,"date":"2020-11-19T10:08:18","date_gmt":"2020-11-19T09:08:18","guid":{"rendered":"https:\/\/gocceditalia.it\/grappa-barricata\/"},"modified":"2025-12-02T00:00:04","modified_gmt":"2025-12-01T23:00:04","slug":"grappa-barricata","status":"publish","type":"product","link":"https:\/\/gocceditalia.it\/de\/grappa-barricata\/","title":{"rendered":"Verbarrikadierter Grappa"},"content":{"rendered":"","protected":false},"excerpt":{"rendered":"<h3>0,500lt<\/h3>\n<p>Grappa aus ausgew\u00e4hlten Trestern, nach der klassischen Methode destilliert und \u00fcber 18 Monate in kleinen F\u00e4ssern gereift, mit einem weichen, abgerundeten Geschmack und der charakteristischen Farbe von nassem Leder.<\/p>\n","protected":false},"featured_media":3271,"template":"","meta":{"_acf_changed":false},"product_brand":[],"product_cat":[1365,315],"product_tag":[322,323],"class_list":{"0":"post-18081","1":"product","2":"type-product","3":"status-publish","4":"has-post-thumbnail","6":"product_cat-black-friday-de","7":"product_cat-italienischer-grappa-likoere","8":"product_tag-frantoio-manestrini-de","9":"product_tag-lombardei","11":"first","12":"instock","13":"taxable","14":"shipping-taxable","15":"purchasable","16":"product-type-simple"},"acf":[],"_links":{"self":[{"href":"https:\/\/gocceditalia.it\/de\/wp-json\/wp\/v2\/product\/18081","targetHints":{"allow":["GET"]}}],"collection":[{"href":"https:\/\/gocceditalia.it\/de\/wp-json\/wp\/v2\/product"}],"about":[{"href":"https:\/\/gocceditalia.it\/de\/wp-json\/wp\/v2\/types\/product"}],"version-history":[{"count":1,"href":"https:\/\/gocceditalia.it\/de\/wp-json\/wp\/v2\/product\/18081\/revisions"}],"predecessor-version":[{"id":18082,"href":"https:\/\/gocceditalia.it\/de\/wp-json\/wp\/v2\/product\/18081\/revisions\/18082"}],"wp:featuredmedia":[{"embeddable":true,"href":"https:\/\/gocceditalia.it\/de\/wp-json\/wp\/v2\/media\/3271"}],"wp:attachment":[{"href":"https:\/\/gocceditalia.it\/de\/wp-json\/wp\/v2\/media?parent=18081"}],"wp:term":[{"taxonomy":"product_brand","embeddable":true,"href":"https:\/\/gocceditalia.it\/de\/wp-json\/wp\/v2\/product_brand?post=18081"},{"taxonomy":"product_cat","embeddable":true,"href":"https:\/\/gocceditalia.it\/de\/wp-json\/wp\/v2\/product_cat?post=18081"},{"taxonomy":"product_tag","embeddable":true,"href":"https:\/\/gocceditalia.it\/de\/wp-json\/wp\/v2\/product_tag?post=18081"}],"curies":[{"name":"wp","href":"https:\/\/api.w.org\/{rel}","templated":true}]}}