{"id":18088,"date":"2020-11-19T10:07:30","date_gmt":"2024-01-16T10:40:29","guid":{"rendered":"https:\/\/gocceditalia.it\/?post_type=product&#038;p=18088"},"modified":"2026-01-29T16:41:27","modified_gmt":"2026-01-29T15:41:27","slug":"ingwer-olivenoel","status":"publish","type":"product","link":"https:\/\/gocceditalia.it\/de\/ingwer-olivenoel\/","title":{"rendered":"Ingwer-Oliven\u00f6l"},"content":{"rendered":"","protected":false},"excerpt":{"rendered":"<h3 data-path-to-node=\"46,0,0\">W\u00fcrz\u00f6l auf Basis von 100% italienischem nativem Oliven\u00f6l Extra &amp; nat\u00fcrlichem Ingwerextrakt &#8211; 0,25 l<\/h3>\n<p data-path-to-node=\"46,0,0\">Frisch, w\u00fcrzig und exotisch. Eine moderne, pikante Note, perfekt f\u00fcr die Fusionsk\u00fcche.<\/p>\n<p data-path-to-node=\"46,2,0\"><b data-path-to-node=\"46,2,0\" data-index-in-node=\"0\">Ideal zu:<\/b> Wok-Gem\u00fcse, mariniertem Lachs, K\u00fcrbissuppe, frischen Salaten.<\/p>\n","protected":false},"featured_media":28198,"template":"","meta":{"_acf_changed":false},"product_brand":[],"product_cat":[313],"product_tag":[322,323],"class_list":{"0":"post-18088","1":"product","2":"type-product","3":"status-publish","4":"has-post-thumbnail","6":"product_cat-italienische-wuerzoele","7":"product_tag-frantoio-manestrini-de","8":"product_tag-lombardei","9":"pa_confezione-flasche","10":"pa_confezione-kann","12":"first","13":"instock","14":"taxable","15":"shipping-taxable","16":"purchasable","17":"product-type-simple"},"acf":[],"_links":{"self":[{"href":"https:\/\/gocceditalia.it\/de\/wp-json\/wp\/v2\/product\/18088","targetHints":{"allow":["GET"]}}],"collection":[{"href":"https:\/\/gocceditalia.it\/de\/wp-json\/wp\/v2\/product"}],"about":[{"href":"https:\/\/gocceditalia.it\/de\/wp-json\/wp\/v2\/types\/product"}],"version-history":[{"count":3,"href":"https:\/\/gocceditalia.it\/de\/wp-json\/wp\/v2\/product\/18088\/revisions"}],"predecessor-version":[{"id":21295,"href":"https:\/\/gocceditalia.it\/de\/wp-json\/wp\/v2\/product\/18088\/revisions\/21295"}],"wp:featuredmedia":[{"embeddable":true,"href":"https:\/\/gocceditalia.it\/de\/wp-json\/wp\/v2\/media\/28198"}],"wp:attachment":[{"href":"https:\/\/gocceditalia.it\/de\/wp-json\/wp\/v2\/media?parent=18088"}],"wp:term":[{"taxonomy":"product_brand","embeddable":true,"href":"https:\/\/gocceditalia.it\/de\/wp-json\/wp\/v2\/product_brand?post=18088"},{"taxonomy":"product_cat","embeddable":true,"href":"https:\/\/gocceditalia.it\/de\/wp-json\/wp\/v2\/product_cat?post=18088"},{"taxonomy":"product_tag","embeddable":true,"href":"https:\/\/gocceditalia.it\/de\/wp-json\/wp\/v2\/product_tag?post=18088"}],"curies":[{"name":"wp","href":"https:\/\/api.w.org\/{rel}","templated":true}]}}