{"id":18599,"date":"2024-03-13T12:50:03","date_gmt":"2024-03-13T11:50:03","guid":{"rendered":"https:\/\/gocceditalia.it\/profumo-mediterrane-con-estratto-di-foglie-dulivo\/"},"modified":"2026-03-20T15:07:35","modified_gmt":"2026-03-20T14:07:35","slug":"profumo-mediterrane-con-estratto-di-foglie-dulivo","status":"publish","type":"product","link":"https:\/\/gocceditalia.it\/de\/profumo-mediterrane-con-estratto-di-foglie-dulivo\/","title":{"rendered":"Mediterran\u00e8 Parf\u00fcm \u2013 mit Olivenblattextrakt"},"content":{"rendered":"","protected":false},"excerpt":{"rendered":"<p><strong>50 ml.<\/strong><\/p>\n<p>Das\u00a0<em>Parf\u00fcm Mediterran\u00e8<\/em>\u00a0verk\u00f6rpert die Energie und Vitalit\u00e4t des Mittelmeers in einem frischen und lebendigen Duft.<\/p>\n<p>Die\u00a0<strong>Essenz der Olivenbl\u00e4tter<\/strong>\u00a0verleiht der Komposition eine authentische und einzigartige Note, w\u00e4hrend die prickelnden\u00a0<strong>Zitrus<\/strong>\u2013 und Blumennoten des\u00a0<strong>Jasmins<\/strong>\u00a0harmonisch miteinander verschmelzen und eine erfrischende und umh\u00fcllende Atmosph\u00e4re schaffen.<\/p>\n<p>Wenn Sie dieses Parf\u00fcm tragen, ist es, als w\u00fcrden Sie in einen Sommertag an der Mittelmeerk\u00fcste eintauchen, an dem die Sonne scheint und das Meer Sie sanft umarmt.<\/p>\n<p>Perfekt f\u00fcr alle, die helle und entspannende Empfindungen lieben.<\/p>\n","protected":false},"featured_media":18593,"template":"","meta":{"_acf_changed":false},"product_brand":[],"product_cat":[1365,314],"product_tag":[],"class_list":{"0":"post-18599","1":"product","2":"type-product","3":"status-publish","4":"has-post-thumbnail","6":"product_cat-black-friday-de","7":"product_cat-italienische-naturkosmetik","9":"first","10":"instock","11":"taxable","12":"shipping-taxable","13":"purchasable","14":"product-type-simple"},"acf":[],"_links":{"self":[{"href":"https:\/\/gocceditalia.it\/de\/wp-json\/wp\/v2\/product\/18599","targetHints":{"allow":["GET"]}}],"collection":[{"href":"https:\/\/gocceditalia.it\/de\/wp-json\/wp\/v2\/product"}],"about":[{"href":"https:\/\/gocceditalia.it\/de\/wp-json\/wp\/v2\/types\/product"}],"version-history":[{"count":2,"href":"https:\/\/gocceditalia.it\/de\/wp-json\/wp\/v2\/product\/18599\/revisions"}],"predecessor-version":[{"id":18602,"href":"https:\/\/gocceditalia.it\/de\/wp-json\/wp\/v2\/product\/18599\/revisions\/18602"}],"wp:featuredmedia":[{"embeddable":true,"href":"https:\/\/gocceditalia.it\/de\/wp-json\/wp\/v2\/media\/18593"}],"wp:attachment":[{"href":"https:\/\/gocceditalia.it\/de\/wp-json\/wp\/v2\/media?parent=18599"}],"wp:term":[{"taxonomy":"product_brand","embeddable":true,"href":"https:\/\/gocceditalia.it\/de\/wp-json\/wp\/v2\/product_brand?post=18599"},{"taxonomy":"product_cat","embeddable":true,"href":"https:\/\/gocceditalia.it\/de\/wp-json\/wp\/v2\/product_cat?post=18599"},{"taxonomy":"product_tag","embeddable":true,"href":"https:\/\/gocceditalia.it\/de\/wp-json\/wp\/v2\/product_tag?post=18599"}],"curies":[{"name":"wp","href":"https:\/\/api.w.org\/{rel}","templated":true}]}}