{"id":19459,"date":"2024-08-28T12:01:23","date_gmt":"2024-08-28T10:01:23","guid":{"rendered":"https:\/\/gocceditalia.it\/olio-per-massaggio\/"},"modified":"2025-12-02T00:00:08","modified_gmt":"2025-12-01T23:00:08","slug":"olio-per-massaggio","status":"publish","type":"product","link":"https:\/\/gocceditalia.it\/de\/olio-per-massaggio\/","title":{"rendered":"Massage\u00f6l"},"content":{"rendered":"","protected":false},"excerpt":{"rendered":"<p>Dieses Massage\u00f6l ist ein ausgezeichnetes Kosmetikprodukt mit umfassender Wirkung. Dank der hohen Konzentration an nativem Oliven\u00f6l extra, \u00d6l aus s\u00fc\u00dfen Mandeln und Weizenkeim\u00f6l wirkt das \u00d6l pflegend und sch\u00fctzt die Haut vor Umwelteinfl\u00fcssen. Regelm\u00e4\u00dfig angewendet mindert es Dehnungsstreifen und verleiht der Haut mehr Spannkraft.<\/p>\n<p><strong>Anwendung<\/strong>: Mit einer leichten Massage bis zum vollst\u00e4ndigen Einziehen auftragen.<\/p>\n<p>Flakon 125 ml.<\/p>\n","protected":false},"featured_media":3307,"template":"","meta":{"_acf_changed":false},"product_brand":[],"product_cat":[1365,314],"product_tag":[],"class_list":{"0":"post-19459","1":"product","2":"type-product","3":"status-publish","4":"has-post-thumbnail","6":"product_cat-black-friday-de","7":"product_cat-italienische-naturkosmetik","9":"first","10":"instock","11":"taxable","12":"shipping-taxable","13":"purchasable","14":"product-type-simple"},"acf":[],"_links":{"self":[{"href":"https:\/\/gocceditalia.it\/de\/wp-json\/wp\/v2\/product\/19459","targetHints":{"allow":["GET"]}}],"collection":[{"href":"https:\/\/gocceditalia.it\/de\/wp-json\/wp\/v2\/product"}],"about":[{"href":"https:\/\/gocceditalia.it\/de\/wp-json\/wp\/v2\/types\/product"}],"version-history":[{"count":2,"href":"https:\/\/gocceditalia.it\/de\/wp-json\/wp\/v2\/product\/19459\/revisions"}],"predecessor-version":[{"id":19462,"href":"https:\/\/gocceditalia.it\/de\/wp-json\/wp\/v2\/product\/19459\/revisions\/19462"}],"wp:featuredmedia":[{"embeddable":true,"href":"https:\/\/gocceditalia.it\/de\/wp-json\/wp\/v2\/media\/3307"}],"wp:attachment":[{"href":"https:\/\/gocceditalia.it\/de\/wp-json\/wp\/v2\/media?parent=19459"}],"wp:term":[{"taxonomy":"product_brand","embeddable":true,"href":"https:\/\/gocceditalia.it\/de\/wp-json\/wp\/v2\/product_brand?post=19459"},{"taxonomy":"product_cat","embeddable":true,"href":"https:\/\/gocceditalia.it\/de\/wp-json\/wp\/v2\/product_cat?post=19459"},{"taxonomy":"product_tag","embeddable":true,"href":"https:\/\/gocceditalia.it\/de\/wp-json\/wp\/v2\/product_tag?post=19459"}],"curies":[{"name":"wp","href":"https:\/\/api.w.org\/{rel}","templated":true}]}}