{"id":19612,"date":"2024-10-02T17:20:25","date_gmt":"2024-10-02T15:20:25","guid":{"rendered":"https:\/\/gocceditalia.it\/benaco-bresciano-rebo-igp\/"},"modified":"2025-12-02T00:00:09","modified_gmt":"2025-12-01T23:00:09","slug":"benaco-bresciano-rebo-igp","status":"publish","type":"product","link":"https:\/\/gocceditalia.it\/de\/benaco-bresciano-rebo-igp\/","title":{"rendered":"Benaco Bresciano Rebo IGP"},"content":{"rendered":"","protected":false},"excerpt":{"rendered":"<p>Ein hochwertiger Wein aus ausgew\u00e4hlten Rebo-Trauben, die in den mor\u00e4nischen H\u00fcgellagen angebaut werden. Dank strenger Selektion, manueller Lese und sorgf\u00e4ltiger Vinifikation entsteht ein Wein von au\u00dfergew\u00f6hnlicher Struktur.<\/p>\n<ul>\n<li>In der Nase \u00f6ffnet er sich mit fruchtigen Aromen von Kirsche, Pflaume, Brombeere und Johannisbeere, erg\u00e4nzt durch feine w\u00fcrzige Noten.<\/li>\n<li>Am Gaumen pr\u00e4sentiert er sich breit, ausgewogen und harmonisch, mit weichen, runden Tanninen, die einen reichen Gaumen voller saftiger Fr\u00fcchte und w\u00fcrziger Ankl\u00e4nge umh\u00fcllen. Der Abgang ist lang und anhaltend. Dieser Wein passt hervorragend zu Lammkoteletts, die mit Rosmarin und gr\u00fcnem Pfeffer gew\u00fcrzt sind, sowie zu rotem Fleisch wie gegrilltem Rinderkotelett oder Entrec\u00f4te.<\/li>\n<\/ul>\n<p>Serviere ihn bei einer Temperatur von 16\u00b0-18\u00b0C, um seine Eigenschaften zu unterstreichen.<\/p>\n","protected":false},"featured_media":19605,"template":"","meta":{"_acf_changed":false},"product_brand":[],"product_cat":[1365,317],"product_tag":[501,502,503,504,335,505],"class_list":{"0":"post-19612","1":"product","2":"type-product","3":"status-publish","4":"has-post-thumbnail","6":"product_cat-black-friday-de","7":"product_cat-italienische-weine","8":"product_tag-benaco-bresciano-de","9":"product_tag-igp-de","10":"product_tag-rebo-de","11":"product_tag-rosso-de","12":"product_tag-valtenesi-de","13":"product_tag-vino-de","14":"pa_formato-6x0750-lt-de","15":"pa_formato-einzeln-de","17":"first","18":"instock","19":"taxable","20":"shipping-taxable","21":"purchasable","22":"product-type-variable"},"acf":[],"_links":{"self":[{"href":"https:\/\/gocceditalia.it\/de\/wp-json\/wp\/v2\/product\/19612","targetHints":{"allow":["GET"]}}],"collection":[{"href":"https:\/\/gocceditalia.it\/de\/wp-json\/wp\/v2\/product"}],"about":[{"href":"https:\/\/gocceditalia.it\/de\/wp-json\/wp\/v2\/types\/product"}],"version-history":[{"count":2,"href":"https:\/\/gocceditalia.it\/de\/wp-json\/wp\/v2\/product\/19612\/revisions"}],"predecessor-version":[{"id":19621,"href":"https:\/\/gocceditalia.it\/de\/wp-json\/wp\/v2\/product\/19612\/revisions\/19621"}],"wp:featuredmedia":[{"embeddable":true,"href":"https:\/\/gocceditalia.it\/de\/wp-json\/wp\/v2\/media\/19605"}],"wp:attachment":[{"href":"https:\/\/gocceditalia.it\/de\/wp-json\/wp\/v2\/media?parent=19612"}],"wp:term":[{"taxonomy":"product_brand","embeddable":true,"href":"https:\/\/gocceditalia.it\/de\/wp-json\/wp\/v2\/product_brand?post=19612"},{"taxonomy":"product_cat","embeddable":true,"href":"https:\/\/gocceditalia.it\/de\/wp-json\/wp\/v2\/product_cat?post=19612"},{"taxonomy":"product_tag","embeddable":true,"href":"https:\/\/gocceditalia.it\/de\/wp-json\/wp\/v2\/product_tag?post=19612"}],"curies":[{"name":"wp","href":"https:\/\/api.w.org\/{rel}","templated":true}]}}