{"id":19614,"date":"2024-10-02T17:16:24","date_gmt":"2024-10-02T15:16:24","guid":{"rendered":"https:\/\/gocceditalia.it\/garda-bianco-dop\/"},"modified":"2025-12-02T00:00:09","modified_gmt":"2025-12-01T23:00:09","slug":"garda-bianco-dop","status":"publish","type":"product","link":"https:\/\/gocceditalia.it\/de\/garda-bianco-dop\/","title":{"rendered":"Garda Bianco DOP"},"content":{"rendered":"","protected":false},"excerpt":{"rendered":"<p>Ein raffinierter Wein, der aus einer sorgf\u00e4ltigen Assemblage von Pinot Bianco, Trebbiano und Garganega-Trauben besteht.<\/p>\n<ul>\n<li>Er pr\u00e4sentiert sich in einem strohgelben Farbton und einem mineralischen Bouquet, mit Aromen von tropischen Fr\u00fcchten, wei\u00dfen Pfirsichen und zarten mediterranen Blumen.<\/li>\n<li>Am Gaumen zeichnet er sich durch seinen weichen, salzigen und anhaltenden Geschmack aus. Perfekt als Aperitif passt er hervorragend zu K\u00e4se, Fisch und wei\u00dfem Fleisch.<\/li>\n<\/ul>\n<p>F\u00fcr ein optimales Erlebnis bei einer Temperatur von 8\u00b0-10\u00b0C servieren.<\/p>\n","protected":false},"featured_media":19600,"template":"","meta":{"_acf_changed":false},"product_brand":[],"product_cat":[1365,317],"product_tag":[508,509,335,505],"class_list":{"0":"post-19614","1":"product","2":"type-product","3":"status-publish","4":"has-post-thumbnail","6":"product_cat-black-friday-de","7":"product_cat-italienische-weine","8":"product_tag-bianco-de","9":"product_tag-garda-de","10":"product_tag-valtenesi-de","11":"product_tag-vino-de","12":"pa_formato-6x0750-lt-de","13":"pa_formato-einzeln-de","15":"first","16":"instock","17":"taxable","18":"shipping-taxable","19":"purchasable","20":"product-type-variable"},"acf":[],"_links":{"self":[{"href":"https:\/\/gocceditalia.it\/de\/wp-json\/wp\/v2\/product\/19614","targetHints":{"allow":["GET"]}}],"collection":[{"href":"https:\/\/gocceditalia.it\/de\/wp-json\/wp\/v2\/product"}],"about":[{"href":"https:\/\/gocceditalia.it\/de\/wp-json\/wp\/v2\/types\/product"}],"version-history":[{"count":1,"href":"https:\/\/gocceditalia.it\/de\/wp-json\/wp\/v2\/product\/19614\/revisions"}],"predecessor-version":[{"id":19623,"href":"https:\/\/gocceditalia.it\/de\/wp-json\/wp\/v2\/product\/19614\/revisions\/19623"}],"wp:featuredmedia":[{"embeddable":true,"href":"https:\/\/gocceditalia.it\/de\/wp-json\/wp\/v2\/media\/19600"}],"wp:attachment":[{"href":"https:\/\/gocceditalia.it\/de\/wp-json\/wp\/v2\/media?parent=19614"}],"wp:term":[{"taxonomy":"product_brand","embeddable":true,"href":"https:\/\/gocceditalia.it\/de\/wp-json\/wp\/v2\/product_brand?post=19614"},{"taxonomy":"product_cat","embeddable":true,"href":"https:\/\/gocceditalia.it\/de\/wp-json\/wp\/v2\/product_cat?post=19614"},{"taxonomy":"product_tag","embeddable":true,"href":"https:\/\/gocceditalia.it\/de\/wp-json\/wp\/v2\/product_tag?post=19614"}],"curies":[{"name":"wp","href":"https:\/\/api.w.org\/{rel}","templated":true}]}}