{"id":19616,"date":"2024-10-02T17:07:17","date_gmt":"2024-10-02T15:07:17","guid":{"rendered":"https:\/\/gocceditalia.it\/garda-marzemino-dop\/"},"modified":"2025-12-02T00:00:09","modified_gmt":"2025-12-01T23:00:09","slug":"garda-marzemino-dop","status":"publish","type":"product","link":"https:\/\/gocceditalia.it\/de\/garda-marzemino-dop\/","title":{"rendered":"Garda Marzemino DOP"},"content":{"rendered":"","protected":false},"excerpt":{"rendered":"<p>Exklusiver Wein aus Marzemino-Trauben, die in H\u00fcgellagen angebaut werden. Dank sorgf\u00e4ltiger Auswahl und akribischer Weinbereitung zeigt dieser Wein eine gro\u00dfe Struktur.<\/p>\n<ul>\n<li>Das Bouquet entfaltet Aromen von Waldbeeren und Veilchen, w\u00e4hrend die intensive Farbe auf einen vollen und ausgewogenen Geschmack hinweist.<\/li>\n<li>Er passt perfekt zu Gerichten wie Polenta mit Pilzen, Schweinebraten, Kalbsschmorbraten und Grillgefl\u00fcgel. \u00dcberraschenderweise ist er auch hervorragend zu Fisch, wie Kabeljau oder Forellen, die mit Gem\u00fcsesaucen zubereitet werden.<\/li>\n<\/ul>\n<p>F\u00fcr den besten Genuss bei einer Temperatur von 14\u00b0-16\u00b0C servieren.<\/p>\n","protected":false},"featured_media":19595,"template":"","meta":{"_acf_changed":false},"product_brand":[],"product_cat":[1365,317],"product_tag":[511,335,505],"class_list":{"0":"post-19616","1":"product","2":"type-product","3":"status-publish","4":"has-post-thumbnail","6":"product_cat-black-friday-de","7":"product_cat-italienische-weine","8":"product_tag-marzemino-de","9":"product_tag-valtenesi-de","10":"product_tag-vino-de","11":"pa_formato-6x0750-lt-de","12":"pa_formato-einzeln-de","14":"first","15":"instock","16":"taxable","17":"shipping-taxable","18":"purchasable","19":"product-type-variable"},"acf":[],"_links":{"self":[{"href":"https:\/\/gocceditalia.it\/de\/wp-json\/wp\/v2\/product\/19616","targetHints":{"allow":["GET"]}}],"collection":[{"href":"https:\/\/gocceditalia.it\/de\/wp-json\/wp\/v2\/product"}],"about":[{"href":"https:\/\/gocceditalia.it\/de\/wp-json\/wp\/v2\/types\/product"}],"version-history":[{"count":1,"href":"https:\/\/gocceditalia.it\/de\/wp-json\/wp\/v2\/product\/19616\/revisions"}],"predecessor-version":[{"id":19618,"href":"https:\/\/gocceditalia.it\/de\/wp-json\/wp\/v2\/product\/19616\/revisions\/19618"}],"wp:featuredmedia":[{"embeddable":true,"href":"https:\/\/gocceditalia.it\/de\/wp-json\/wp\/v2\/media\/19595"}],"wp:attachment":[{"href":"https:\/\/gocceditalia.it\/de\/wp-json\/wp\/v2\/media?parent=19616"}],"wp:term":[{"taxonomy":"product_brand","embeddable":true,"href":"https:\/\/gocceditalia.it\/de\/wp-json\/wp\/v2\/product_brand?post=19616"},{"taxonomy":"product_cat","embeddable":true,"href":"https:\/\/gocceditalia.it\/de\/wp-json\/wp\/v2\/product_cat?post=19616"},{"taxonomy":"product_tag","embeddable":true,"href":"https:\/\/gocceditalia.it\/de\/wp-json\/wp\/v2\/product_tag?post=19616"}],"curies":[{"name":"wp","href":"https:\/\/api.w.org\/{rel}","templated":true}]}}