{"id":19990,"date":"2024-11-18T08:11:40","date_gmt":"2024-11-18T07:11:40","guid":{"rendered":"https:\/\/gocceditalia.it\/liquore-kaluga-3\/"},"modified":"2025-12-02T00:00:04","modified_gmt":"2025-12-01T23:00:04","slug":"liquore-kaluga-3","status":"publish","type":"product","link":"https:\/\/gocceditalia.it\/de\/liquore-kaluga-3\/","title":{"rendered":"Liquore &#8222;KALUGA 3&#8220;"},"content":{"rendered":"<p><strong>Opus Apis<\/strong> entstand aus der Zusammenarbeit von Paolo, einem Ingenieur und Imker, und Arianna, die eine gro\u00dfe Leidenschaft f\u00fcr die \u201eWelt der Bienen\u201c hegt. Mit ihrer langj\u00e4hrigen Erfahrung in den Bereichen Honig, <strong>Imkerei und Konditorei w\u00e4hlen sie die besten biologischen Sortenhonige aus, die von lokalen und regionalen Imkern produziert werden, und vermarkten diese.<\/strong><\/p>\n<p>Mit diesen hochwertigen Honigen kreieren sie Kekse und andere biologische Produkte, die glutenfrei und frei von Konservierungsstoffen oder Zusatzstoffen sind.<\/p>\n<p>Ihre grenzenlose Liebe zu guten und nat\u00fcrlichen Dingen m\u00fcndete in ein Projekt von h\u00f6chster Qualit\u00e4t.<\/p>\n","protected":false},"excerpt":{"rendered":"<p>Ein Lik\u00f6r mit intensivem Duft und Aroma, der am Gaumen mit pikanten Noten \u00fcberrascht. Die tanninhaltigen Nuancen werden durch ein s\u00fc\u00dfes Finish und einen anhaltend bitteren Nachgeschmack harmonisch abgerundet.<br \/>\nEin Lik\u00f6r, dessen dunkel bernsteinfarbene T\u00f6ne die Essenz des Kastanienhonigs widerspiegeln, aus dem er hergestellt wird.<\/p>\n<p><strong>3 KALUGA<\/strong>, pur, gek\u00fchlt oder als Herzst\u00fcck eines Cocktails zu genie\u00dfen.<\/p>\n<h3><strong>ZUTATEN:<\/strong><\/h3>\n<ul>\n<li>Getreidealkohol<\/li>\n<li>Kastanienhonig<\/li>\n<li>Nat\u00fcrliche Kr\u00e4uteraufg\u00fcsse und Aromen<\/li>\n<\/ul>\n<p><strong>25 % Vol.<\/strong><\/p>\n<ul>\n<li>Bio<\/li>\n<li>Frei von Zusatzstoffen, Farbstoffen und Konservierungsmitteln<\/li>\n<li>Hergestellt in Italien<\/li>\n<li>Gentechnikfrei<\/li>\n<\/ul>\n<h6>500g<\/h6>\n","protected":false},"featured_media":19986,"template":"","meta":{"_acf_changed":false},"product_brand":[],"product_cat":[315],"product_tag":[605,618,619,620,594,621,596],"class_list":{"0":"post-19990","1":"product","2":"type-product","3":"status-publish","4":"has-post-thumbnail","6":"product_cat-italienischer-grappa-likoere","7":"product_tag-eccellenze-italiane-de","8":"product_tag-liquore-biologico-de","9":"product_tag-liquori-de","10":"product_tag-miele-italiano-de","11":"product_tag-opus-apis-de","12":"product_tag-opus-apis-miele-de","13":"product_tag-prodotti-con-miele-de","15":"first","16":"instock","17":"taxable","18":"shipping-taxable","19":"purchasable","20":"product-type-simple"},"acf":[],"_links":{"self":[{"href":"https:\/\/gocceditalia.it\/de\/wp-json\/wp\/v2\/product\/19990","targetHints":{"allow":["GET"]}}],"collection":[{"href":"https:\/\/gocceditalia.it\/de\/wp-json\/wp\/v2\/product"}],"about":[{"href":"https:\/\/gocceditalia.it\/de\/wp-json\/wp\/v2\/types\/product"}],"version-history":[{"count":2,"href":"https:\/\/gocceditalia.it\/de\/wp-json\/wp\/v2\/product\/19990\/revisions"}],"predecessor-version":[{"id":20013,"href":"https:\/\/gocceditalia.it\/de\/wp-json\/wp\/v2\/product\/19990\/revisions\/20013"}],"wp:featuredmedia":[{"embeddable":true,"href":"https:\/\/gocceditalia.it\/de\/wp-json\/wp\/v2\/media\/19986"}],"wp:attachment":[{"href":"https:\/\/gocceditalia.it\/de\/wp-json\/wp\/v2\/media?parent=19990"}],"wp:term":[{"taxonomy":"product_brand","embeddable":true,"href":"https:\/\/gocceditalia.it\/de\/wp-json\/wp\/v2\/product_brand?post=19990"},{"taxonomy":"product_cat","embeddable":true,"href":"https:\/\/gocceditalia.it\/de\/wp-json\/wp\/v2\/product_cat?post=19990"},{"taxonomy":"product_tag","embeddable":true,"href":"https:\/\/gocceditalia.it\/de\/wp-json\/wp\/v2\/product_tag?post=19990"}],"curies":[{"name":"wp","href":"https:\/\/api.w.org\/{rel}","templated":true}]}}