{"id":21277,"date":"2020-11-19T10:07:26","date_gmt":"2025-01-29T16:49:20","guid":{"rendered":"https:\/\/gocceditalia.it\/?post_type=product&#038;p=21277"},"modified":"2026-01-31T14:10:12","modified_gmt":"2026-01-31T13:10:12","slug":"knoblauch-chili-dressing","status":"publish","type":"product","link":"https:\/\/gocceditalia.it\/de\/knoblauch-chili-dressing\/","title":{"rendered":"Knoblauch &#038; Chili Oliven\u00f6l"},"content":{"rendered":"","protected":false},"excerpt":{"rendered":"<h3>W\u00fcrz\u00f6l auf Basis von 100% italienischem nativem Oliven\u00f6l Extra &amp; nat\u00fcrlichen Aromen &#8211; 0,25 l<\/h3>\n<p>Das dynamische Duo der italienischen K\u00fcche. Eine robuste Mischung aus herzhaftem Knoblauch und feurigem Chili.<\/p>\n<p><strong>Ideal zu:<\/strong> Spaghetti Aglio Olio e Peperoncino, ged\u00fcnstetem Blattgem\u00fcse, gegrillten Garnelen.<\/p>\n","protected":false},"featured_media":28230,"template":"","meta":{"_acf_changed":false},"product_brand":[],"product_cat":[313],"product_tag":[322,323],"class_list":{"0":"post-21277","1":"product","2":"type-product","3":"status-publish","4":"has-post-thumbnail","6":"product_cat-italienische-wuerzoele","7":"product_tag-frantoio-manestrini-de","8":"product_tag-lombardei","9":"pa_confezione-flasche","10":"pa_confezione-kann","12":"first","13":"instock","14":"taxable","15":"shipping-taxable","16":"purchasable","17":"product-type-simple"},"acf":[],"_links":{"self":[{"href":"https:\/\/gocceditalia.it\/de\/wp-json\/wp\/v2\/product\/21277","targetHints":{"allow":["GET"]}}],"collection":[{"href":"https:\/\/gocceditalia.it\/de\/wp-json\/wp\/v2\/product"}],"about":[{"href":"https:\/\/gocceditalia.it\/de\/wp-json\/wp\/v2\/types\/product"}],"version-history":[{"count":2,"href":"https:\/\/gocceditalia.it\/de\/wp-json\/wp\/v2\/product\/21277\/revisions"}],"predecessor-version":[{"id":28258,"href":"https:\/\/gocceditalia.it\/de\/wp-json\/wp\/v2\/product\/21277\/revisions\/28258"}],"wp:featuredmedia":[{"embeddable":true,"href":"https:\/\/gocceditalia.it\/de\/wp-json\/wp\/v2\/media\/28230"}],"wp:attachment":[{"href":"https:\/\/gocceditalia.it\/de\/wp-json\/wp\/v2\/media?parent=21277"}],"wp:term":[{"taxonomy":"product_brand","embeddable":true,"href":"https:\/\/gocceditalia.it\/de\/wp-json\/wp\/v2\/product_brand?post=21277"},{"taxonomy":"product_cat","embeddable":true,"href":"https:\/\/gocceditalia.it\/de\/wp-json\/wp\/v2\/product_cat?post=21277"},{"taxonomy":"product_tag","embeddable":true,"href":"https:\/\/gocceditalia.it\/de\/wp-json\/wp\/v2\/product_tag?post=21277"}],"curies":[{"name":"wp","href":"https:\/\/api.w.org\/{rel}","templated":true}]}}