{"id":21286,"date":"2020-11-19T10:07:20","date_gmt":"2025-01-29T16:57:08","guid":{"rendered":"https:\/\/gocceditalia.it\/?post_type=product&#038;p=21286"},"modified":"2026-01-31T14:13:28","modified_gmt":"2026-01-31T13:13:28","slug":"trueffel-dressing","status":"publish","type":"product","link":"https:\/\/gocceditalia.it\/de\/trueffel-dressing\/","title":{"rendered":"Tr\u00fcffel-Oliven\u00f6l"},"content":{"rendered":"","protected":false},"excerpt":{"rendered":"<h3>W\u00fcrz\u00f6l auf Basis von 100% italienischem nativem Oliven\u00f6l Extra &amp; nat\u00fcrlichem Tr\u00fcffelaroma &#8211; 0,25 l<\/h3>\n<p>Luxuri\u00f6s, edel und unverwechselbar. Ein Gourmet-Aroma, das einfache Zutaten in ein Festmahl verwandelt.<\/p>\n<p><strong>Ideal zu:<\/strong> Spiegeleiern, Pilzrisotto, Rindercarpaccio, Fondue.<\/p>\n","protected":false},"featured_media":28242,"template":"","meta":{"_acf_changed":false},"product_brand":[],"product_cat":[313],"product_tag":[322,323],"class_list":{"0":"post-21286","1":"product","2":"type-product","3":"status-publish","4":"has-post-thumbnail","6":"product_cat-italienische-wuerzoele","7":"product_tag-frantoio-manestrini-de","8":"product_tag-lombardei","9":"pa_confezione-flasche","10":"pa_confezione-kann","12":"first","13":"instock","14":"taxable","15":"shipping-taxable","16":"purchasable","17":"product-type-simple"},"acf":[],"_links":{"self":[{"href":"https:\/\/gocceditalia.it\/de\/wp-json\/wp\/v2\/product\/21286","targetHints":{"allow":["GET"]}}],"collection":[{"href":"https:\/\/gocceditalia.it\/de\/wp-json\/wp\/v2\/product"}],"about":[{"href":"https:\/\/gocceditalia.it\/de\/wp-json\/wp\/v2\/types\/product"}],"version-history":[{"count":3,"href":"https:\/\/gocceditalia.it\/de\/wp-json\/wp\/v2\/product\/21286\/revisions"}],"predecessor-version":[{"id":28262,"href":"https:\/\/gocceditalia.it\/de\/wp-json\/wp\/v2\/product\/21286\/revisions\/28262"}],"wp:featuredmedia":[{"embeddable":true,"href":"https:\/\/gocceditalia.it\/de\/wp-json\/wp\/v2\/media\/28242"}],"wp:attachment":[{"href":"https:\/\/gocceditalia.it\/de\/wp-json\/wp\/v2\/media?parent=21286"}],"wp:term":[{"taxonomy":"product_brand","embeddable":true,"href":"https:\/\/gocceditalia.it\/de\/wp-json\/wp\/v2\/product_brand?post=21286"},{"taxonomy":"product_cat","embeddable":true,"href":"https:\/\/gocceditalia.it\/de\/wp-json\/wp\/v2\/product_cat?post=21286"},{"taxonomy":"product_tag","embeddable":true,"href":"https:\/\/gocceditalia.it\/de\/wp-json\/wp\/v2\/product_tag?post=21286"}],"curies":[{"name":"wp","href":"https:\/\/api.w.org\/{rel}","templated":true}]}}