{"id":21965,"date":"2025-05-12T14:07:38","date_gmt":"2025-05-12T12:07:38","guid":{"rendered":"https:\/\/gocceditalia.it\/limoncello-3\/"},"modified":"2025-12-02T00:00:09","modified_gmt":"2025-12-01T23:00:09","slug":"limoncello-3","status":"publish","type":"product","link":"https:\/\/gocceditalia.it\/de\/limoncello-3\/","title":{"rendered":"Limoncello"},"content":{"rendered":"","protected":false},"excerpt":{"rendered":"<h3><strong>0,500lt<\/strong><\/h3>\n<p>Frisch, duftend und typisch italienisch: Unser Limoncello ist ein traditioneller Digestif, der am besten gut gek\u00fchlt nach dem Essen genossen wird. Hergestellt durch die nat\u00fcrliche Infusion ausgew\u00e4hlter Zitronenschalen und ihres Safts, bringt er den Duft und die Lebendigkeit des Mittelmeers in jedes Glas.<br data-start=\"816\" data-end=\"819\" \/>Ein zeitloser Klassiker, der mit seinem intensiven und vollmundigen Geschmack begeistert.<\/p>\n","protected":false},"featured_media":3283,"template":"","meta":{"_acf_changed":false},"product_brand":[],"product_cat":[1365,873,315],"product_tag":[886,887,323,335],"class_list":{"0":"post-21965","1":"product","2":"type-product","3":"status-publish","4":"has-post-thumbnail","6":"product_cat-black-friday-de","7":"product_cat-frantoio-manestrini-de","8":"product_cat-italienischer-grappa-likoere","9":"product_tag-limoncello-de","10":"product_tag-liquore-de","11":"product_tag-lombardei","12":"product_tag-valtenesi-de","13":"pa_formato-6x0500-lt-de-2","14":"pa_formato-einzeln-de","16":"first","17":"instock","18":"taxable","19":"shipping-taxable","20":"purchasable","21":"product-type-variable"},"acf":[],"_links":{"self":[{"href":"https:\/\/gocceditalia.it\/de\/wp-json\/wp\/v2\/product\/21965","targetHints":{"allow":["GET"]}}],"collection":[{"href":"https:\/\/gocceditalia.it\/de\/wp-json\/wp\/v2\/product"}],"about":[{"href":"https:\/\/gocceditalia.it\/de\/wp-json\/wp\/v2\/types\/product"}],"version-history":[{"count":2,"href":"https:\/\/gocceditalia.it\/de\/wp-json\/wp\/v2\/product\/21965\/revisions"}],"predecessor-version":[{"id":23763,"href":"https:\/\/gocceditalia.it\/de\/wp-json\/wp\/v2\/product\/21965\/revisions\/23763"}],"wp:featuredmedia":[{"embeddable":true,"href":"https:\/\/gocceditalia.it\/de\/wp-json\/wp\/v2\/media\/3283"}],"wp:attachment":[{"href":"https:\/\/gocceditalia.it\/de\/wp-json\/wp\/v2\/media?parent=21965"}],"wp:term":[{"taxonomy":"product_brand","embeddable":true,"href":"https:\/\/gocceditalia.it\/de\/wp-json\/wp\/v2\/product_brand?post=21965"},{"taxonomy":"product_cat","embeddable":true,"href":"https:\/\/gocceditalia.it\/de\/wp-json\/wp\/v2\/product_cat?post=21965"},{"taxonomy":"product_tag","embeddable":true,"href":"https:\/\/gocceditalia.it\/de\/wp-json\/wp\/v2\/product_tag?post=21965"}],"curies":[{"name":"wp","href":"https:\/\/api.w.org\/{rel}","templated":true}]}}