{"id":22599,"date":"2020-11-19T10:08:22","date_gmt":"2020-11-19T09:08:22","guid":{"rendered":"https:\/\/gocceditalia.it\/tonico-viso\/"},"modified":"2025-12-02T00:00:07","modified_gmt":"2025-12-01T23:00:07","slug":"tonico-viso","status":"publish","type":"product","link":"https:\/\/gocceditalia.it\/de\/tonico-viso\/","title":{"rendered":"Gesichtstonikum"},"content":{"rendered":"","protected":false},"excerpt":{"rendered":"<p data-start=\"566\" data-end=\"934\">Ausgezeichnete Gesichtslotion, geeignet f\u00fcr alle Hauttypen, angereichert mit den wertvollen Wirkstoffen des Olivenbaums.<br data-start=\"708\" data-end=\"711\" \/>Enth\u00e4lt <strong data-start=\"719\" data-end=\"745\">natives Oliven\u00f6l extra<\/strong> in Synergie mit <strong data-start=\"762\" data-end=\"784\">Olivenblattextrakt<\/strong>.<br data-start=\"785\" data-end=\"788\" \/>Die Formulierung wird durch einen <strong data-start=\"822\" data-end=\"850\">hautbefeuchtenden Faktor<\/strong> erg\u00e4nzt, der hilft, die richtige Feuchtigkeitsversorgung der Haut zu gew\u00e4hrleisten.<\/p>\n<p data-start=\"936\" data-end=\"1056\">Regelm\u00e4\u00dfig nach der Reinigungsmilch anwenden oder f\u00fcr einige Minuten mit getr\u00e4nkten Kompressen auf das Gesicht auflegen.<\/p>\n<p data-start=\"1058\" data-end=\"1077\"><strong data-start=\"1058\" data-end=\"1077\">Flasche: 200 ml<\/strong><\/p>\n","protected":false},"featured_media":3291,"template":"","meta":{"_acf_changed":false},"product_brand":[],"product_cat":[1365,314],"product_tag":[322,323],"class_list":{"0":"post-22599","1":"product","2":"type-product","3":"status-publish","4":"has-post-thumbnail","6":"product_cat-black-friday-de","7":"product_cat-italienische-naturkosmetik","8":"product_tag-frantoio-manestrini-de","9":"product_tag-lombardei","11":"first","12":"instock","13":"taxable","14":"shipping-taxable","15":"purchasable","16":"product-type-simple"},"acf":[],"_links":{"self":[{"href":"https:\/\/gocceditalia.it\/de\/wp-json\/wp\/v2\/product\/22599","targetHints":{"allow":["GET"]}}],"collection":[{"href":"https:\/\/gocceditalia.it\/de\/wp-json\/wp\/v2\/product"}],"about":[{"href":"https:\/\/gocceditalia.it\/de\/wp-json\/wp\/v2\/types\/product"}],"version-history":[{"count":2,"href":"https:\/\/gocceditalia.it\/de\/wp-json\/wp\/v2\/product\/22599\/revisions"}],"predecessor-version":[{"id":25709,"href":"https:\/\/gocceditalia.it\/de\/wp-json\/wp\/v2\/product\/22599\/revisions\/25709"}],"wp:featuredmedia":[{"embeddable":true,"href":"https:\/\/gocceditalia.it\/de\/wp-json\/wp\/v2\/media\/3291"}],"wp:attachment":[{"href":"https:\/\/gocceditalia.it\/de\/wp-json\/wp\/v2\/media?parent=22599"}],"wp:term":[{"taxonomy":"product_brand","embeddable":true,"href":"https:\/\/gocceditalia.it\/de\/wp-json\/wp\/v2\/product_brand?post=22599"},{"taxonomy":"product_cat","embeddable":true,"href":"https:\/\/gocceditalia.it\/de\/wp-json\/wp\/v2\/product_cat?post=22599"},{"taxonomy":"product_tag","embeddable":true,"href":"https:\/\/gocceditalia.it\/de\/wp-json\/wp\/v2\/product_tag?post=22599"}],"curies":[{"name":"wp","href":"https:\/\/api.w.org\/{rel}","templated":true}]}}