{"id":22609,"date":"2020-11-19T10:07:53","date_gmt":"2020-11-19T09:07:53","guid":{"rendered":"https:\/\/gocceditalia.it\/olive-verdi-al-limone\/"},"modified":"2025-12-02T00:00:06","modified_gmt":"2025-12-01T23:00:06","slug":"olive-verdi-al-limone","status":"publish","type":"product","link":"https:\/\/gocceditalia.it\/de\/olive-verdi-al-limone\/","title":{"rendered":"Gr\u00fcne Oliven mit Zitrone"},"content":{"rendered":"<p>Zutaten: zerdr\u00fcckte gr\u00fcne Oliven 60%, Sonnenblumen\u00f6l, mit Zitrone aromatisiertes natives Oliven\u00f6l extra 7%, Zitrone 3%, Meersalz, Knoblauch, S\u00e4uerungsmittel: Zitronens\u00e4ure.<\/p>\n","protected":false},"excerpt":{"rendered":"<h3>280gr<\/h3>\n<p>Fleischige gr\u00fcne Oliven mit Zitronengeschmack, die eine angenehme Frische-Note verleihen.<\/p>\n","protected":false},"featured_media":3162,"template":"","meta":{"_acf_changed":false},"product_brand":[],"product_cat":[1365,337],"product_tag":[322,323],"class_list":{"0":"post-22609","1":"product","2":"type-product","3":"status-publish","4":"has-post-thumbnail","6":"product_cat-black-friday-de","7":"product_cat-italienische-antipasti","8":"product_tag-frantoio-manestrini-de","9":"product_tag-lombardei","11":"first","12":"instock","13":"taxable","14":"shipping-taxable","15":"purchasable","16":"product-type-simple"},"acf":[],"_links":{"self":[{"href":"https:\/\/gocceditalia.it\/de\/wp-json\/wp\/v2\/product\/22609","targetHints":{"allow":["GET"]}}],"collection":[{"href":"https:\/\/gocceditalia.it\/de\/wp-json\/wp\/v2\/product"}],"about":[{"href":"https:\/\/gocceditalia.it\/de\/wp-json\/wp\/v2\/types\/product"}],"version-history":[{"count":1,"href":"https:\/\/gocceditalia.it\/de\/wp-json\/wp\/v2\/product\/22609\/revisions"}],"predecessor-version":[{"id":22611,"href":"https:\/\/gocceditalia.it\/de\/wp-json\/wp\/v2\/product\/22609\/revisions\/22611"}],"wp:featuredmedia":[{"embeddable":true,"href":"https:\/\/gocceditalia.it\/de\/wp-json\/wp\/v2\/media\/3162"}],"wp:attachment":[{"href":"https:\/\/gocceditalia.it\/de\/wp-json\/wp\/v2\/media?parent=22609"}],"wp:term":[{"taxonomy":"product_brand","embeddable":true,"href":"https:\/\/gocceditalia.it\/de\/wp-json\/wp\/v2\/product_brand?post=22609"},{"taxonomy":"product_cat","embeddable":true,"href":"https:\/\/gocceditalia.it\/de\/wp-json\/wp\/v2\/product_cat?post=22609"},{"taxonomy":"product_tag","embeddable":true,"href":"https:\/\/gocceditalia.it\/de\/wp-json\/wp\/v2\/product_tag?post=22609"}],"curies":[{"name":"wp","href":"https:\/\/api.w.org\/{rel}","templated":true}]}}