{"id":22613,"date":"2020-11-19T10:07:27","date_gmt":"2020-11-19T09:07:27","guid":{"rendered":"https:\/\/gocceditalia.it\/condimento-al-rosmarino\/"},"modified":"2026-01-31T13:51:56","modified_gmt":"2026-01-31T12:51:56","slug":"condimento-al-rosmarino","status":"publish","type":"product","link":"https:\/\/gocceditalia.it\/de\/condimento-al-rosmarino\/","title":{"rendered":"Rosmarin-Oliven\u00f6l"},"content":{"rendered":"","protected":false},"excerpt":{"rendered":"<h3>W\u00fcrz\u00f6l auf Basis von 100% italienischem nativem Oliven\u00f6l Extra &amp; nat\u00fcrlichem Rosmarinaroma &#8211; 0,25 l<\/h3>\n<p>Kr\u00e4ftig, holzig und erdig. Der authentische Duft der italienischen Landschaft, perfekt f\u00fcr rustikale Gerichte.<\/p>\n<p><strong>Ideal zu:<\/strong> Ofenkartoffeln, Lammfleisch, Focaccia, Kichererbsensuppe.<\/p>\n","protected":false},"featured_media":28239,"template":"","meta":{"_acf_changed":false},"product_brand":[],"product_cat":[313],"product_tag":[322,323],"class_list":{"0":"post-22613","1":"product","2":"type-product","3":"status-publish","4":"has-post-thumbnail","6":"product_cat-italienische-wuerzoele","7":"product_tag-frantoio-manestrini-de","8":"product_tag-lombardei","9":"pa_confezione-flasche","10":"pa_confezione-kann","12":"first","13":"outofstock","14":"taxable","15":"shipping-taxable","16":"purchasable","17":"product-type-simple"},"acf":[],"_links":{"self":[{"href":"https:\/\/gocceditalia.it\/de\/wp-json\/wp\/v2\/product\/22613","targetHints":{"allow":["GET"]}}],"collection":[{"href":"https:\/\/gocceditalia.it\/de\/wp-json\/wp\/v2\/product"}],"about":[{"href":"https:\/\/gocceditalia.it\/de\/wp-json\/wp\/v2\/types\/product"}],"version-history":[{"count":2,"href":"https:\/\/gocceditalia.it\/de\/wp-json\/wp\/v2\/product\/22613\/revisions"}],"predecessor-version":[{"id":28249,"href":"https:\/\/gocceditalia.it\/de\/wp-json\/wp\/v2\/product\/22613\/revisions\/28249"}],"wp:featuredmedia":[{"embeddable":true,"href":"https:\/\/gocceditalia.it\/de\/wp-json\/wp\/v2\/media\/28239"}],"wp:attachment":[{"href":"https:\/\/gocceditalia.it\/de\/wp-json\/wp\/v2\/media?parent=22613"}],"wp:term":[{"taxonomy":"product_brand","embeddable":true,"href":"https:\/\/gocceditalia.it\/de\/wp-json\/wp\/v2\/product_brand?post=22613"},{"taxonomy":"product_cat","embeddable":true,"href":"https:\/\/gocceditalia.it\/de\/wp-json\/wp\/v2\/product_cat?post=22613"},{"taxonomy":"product_tag","embeddable":true,"href":"https:\/\/gocceditalia.it\/de\/wp-json\/wp\/v2\/product_tag?post=22613"}],"curies":[{"name":"wp","href":"https:\/\/api.w.org\/{rel}","templated":true}]}}