{"id":23037,"date":"2025-07-31T10:10:21","date_gmt":"2025-07-31T08:10:21","guid":{"rendered":"https:\/\/gocceditalia.it\/pate-di-peperoni\/"},"modified":"2025-12-02T00:00:05","modified_gmt":"2025-12-01T23:00:05","slug":"pate-di-peperoni","status":"publish","type":"product","link":"https:\/\/gocceditalia.it\/de\/pate-di-peperoni\/","title":{"rendered":"Paprikacreme"},"content":{"rendered":"<p data-start=\"269\" data-end=\"292\">Zutaten: Rote und gelbe Paprika 80\u202f%, natives Oliven\u00f6l extra, Zwiebeln, K\u00e4se, Salz, Knoblauch, Sardellen, Basilikum, Petersilie, Pfeffer, Kartoffelst\u00e4rke, S\u00e4uerungsmittel: Zitronens\u00e4ure.<\/p>\n","protected":false},"excerpt":{"rendered":"<p>Ein cremiges Pat\u00e9 mit kr\u00e4ftigem Geschmack \u2013 ideal, um Crostini, Vorspeisen, Pasta oder Hauptgerichte mit Fleisch und Fisch mediterran zu verfeinern.<\/p>\n","protected":false},"featured_media":23021,"template":"","meta":{"_acf_changed":false},"product_brand":[],"product_cat":[1365,337],"product_tag":[],"class_list":{"0":"post-23037","1":"product","2":"type-product","3":"status-publish","4":"has-post-thumbnail","6":"product_cat-black-friday-de","7":"product_cat-italienische-antipasti","9":"first","10":"instock","11":"taxable","12":"shipping-taxable","13":"purchasable","14":"product-type-simple"},"acf":[],"_links":{"self":[{"href":"https:\/\/gocceditalia.it\/de\/wp-json\/wp\/v2\/product\/23037","targetHints":{"allow":["GET"]}}],"collection":[{"href":"https:\/\/gocceditalia.it\/de\/wp-json\/wp\/v2\/product"}],"about":[{"href":"https:\/\/gocceditalia.it\/de\/wp-json\/wp\/v2\/types\/product"}],"version-history":[{"count":2,"href":"https:\/\/gocceditalia.it\/de\/wp-json\/wp\/v2\/product\/23037\/revisions"}],"predecessor-version":[{"id":23041,"href":"https:\/\/gocceditalia.it\/de\/wp-json\/wp\/v2\/product\/23037\/revisions\/23041"}],"wp:featuredmedia":[{"embeddable":true,"href":"https:\/\/gocceditalia.it\/de\/wp-json\/wp\/v2\/media\/23021"}],"wp:attachment":[{"href":"https:\/\/gocceditalia.it\/de\/wp-json\/wp\/v2\/media?parent=23037"}],"wp:term":[{"taxonomy":"product_brand","embeddable":true,"href":"https:\/\/gocceditalia.it\/de\/wp-json\/wp\/v2\/product_brand?post=23037"},{"taxonomy":"product_cat","embeddable":true,"href":"https:\/\/gocceditalia.it\/de\/wp-json\/wp\/v2\/product_cat?post=23037"},{"taxonomy":"product_tag","embeddable":true,"href":"https:\/\/gocceditalia.it\/de\/wp-json\/wp\/v2\/product_tag?post=23037"}],"curies":[{"name":"wp","href":"https:\/\/api.w.org\/{rel}","templated":true}]}}