{"id":23479,"date":"2025-08-27T14:29:43","date_gmt":"2025-08-27T12:37:12","guid":{"rendered":"https:\/\/gocceditalia.it\/?post_type=product&#038;p=23479"},"modified":"2025-12-02T00:00:04","modified_gmt":"2025-12-01T23:00:04","slug":"trio-aromatisierte-oele-zitrone-rosmarin-oregano","status":"publish","type":"product","link":"https:\/\/gocceditalia.it\/de\/trio-aromatisierte-oele-zitrone-rosmarin-oregano\/","title":{"rendered":"Trio Aromatisierte \u00d6le \u2013 Zitrone, Rosmarin &#038; Oregano"},"content":{"rendered":"<p><strong data-start=\"232\" data-end=\"243\">Inhalt:<\/strong> 3 x 250 ml<br data-start=\"254\" data-end=\"257\" \/><strong data-start=\"257\" data-end=\"269\">Zutaten:<\/strong><em> 100% italienisches natives Oliven\u00f6l extra, verfeinert mit nat\u00fcrlichen Aromen. (Zitrone \/ Rosmarin \/ Oregano)<\/em><\/p>\n","protected":false},"excerpt":{"rendered":"<p>(Auf Basis von nativem Oliven\u00f6l extra)<\/p>\n<p>Drei native Oliven\u00f6le mit nat\u00fcrlichen Aromen, ideal um jedes Gericht mit mediterranem Geschmack zu verfeinern. Frisch, aromatisch und vielseitig: perfekt f\u00fcr Salate, Fleisch, Fisch, Pizza und Gem\u00fcse. Bringen Sie den authentischen Geschmack des Mittelmeers auf Ihren Tisch!<\/p>\n<p data-start=\"2318\" data-end=\"2347\"><strong data-start=\"2318\" data-end=\"2345\">Anwendungsempfehlungen:<\/strong><\/p>\n<ul data-start=\"2348\" data-end=\"2733\">\n<li data-start=\"2348\" data-end=\"2501\">\n<p data-start=\"2350\" data-end=\"2501\"><strong data-start=\"2353\" data-end=\"2368\">Zitronen\u00f6l:<\/strong> zu gegrilltem Fisch, Salaten, rohem oder gegartem Gem\u00fcse, Carpaccio und Meeresfr\u00fcchten. Auch f\u00fcr Desserts und Obstsalate geeignet.<\/p>\n<\/li>\n<li data-start=\"2502\" data-end=\"2627\">\n<p data-start=\"2504\" data-end=\"2627\"><strong data-start=\"2507\" data-end=\"2522\">Rosmarin\u00f6l:<\/strong> zu gebratenem oder gegrilltem Fleisch, Kartoffeln, Focaccia, rustikalen Pizzen und H\u00fclsenfruchtsuppen.<\/p>\n<\/li>\n<li data-start=\"2628\" data-end=\"2733\">\n<p data-start=\"2630\" data-end=\"2733\"><strong data-start=\"2633\" data-end=\"2647\">Oregano\u00f6l:<\/strong> f\u00fcr Pizza, Bruschetta, frische Tomaten, Sommersalate und mediterrane Pastagerichte.<\/p>\n<\/li>\n<\/ul>\n","protected":false},"featured_media":23474,"template":"","meta":{"_acf_changed":false},"product_brand":[],"product_cat":[1365,460],"product_tag":[921,1167],"class_list":{"0":"post-23479","1":"product","2":"type-product","3":"status-publish","4":"has-post-thumbnail","6":"product_cat-black-friday-de","7":"product_cat-aktionen","8":"product_tag-origano-de","9":"product_tag-pizza-de","11":"first","12":"instock","13":"taxable","14":"shipping-taxable","15":"purchasable","16":"product-type-simple"},"acf":[],"_links":{"self":[{"href":"https:\/\/gocceditalia.it\/de\/wp-json\/wp\/v2\/product\/23479","targetHints":{"allow":["GET"]}}],"collection":[{"href":"https:\/\/gocceditalia.it\/de\/wp-json\/wp\/v2\/product"}],"about":[{"href":"https:\/\/gocceditalia.it\/de\/wp-json\/wp\/v2\/types\/product"}],"version-history":[{"count":2,"href":"https:\/\/gocceditalia.it\/de\/wp-json\/wp\/v2\/product\/23479\/revisions"}],"predecessor-version":[{"id":23482,"href":"https:\/\/gocceditalia.it\/de\/wp-json\/wp\/v2\/product\/23479\/revisions\/23482"}],"wp:featuredmedia":[{"embeddable":true,"href":"https:\/\/gocceditalia.it\/de\/wp-json\/wp\/v2\/media\/23474"}],"wp:attachment":[{"href":"https:\/\/gocceditalia.it\/de\/wp-json\/wp\/v2\/media?parent=23479"}],"wp:term":[{"taxonomy":"product_brand","embeddable":true,"href":"https:\/\/gocceditalia.it\/de\/wp-json\/wp\/v2\/product_brand?post=23479"},{"taxonomy":"product_cat","embeddable":true,"href":"https:\/\/gocceditalia.it\/de\/wp-json\/wp\/v2\/product_cat?post=23479"},{"taxonomy":"product_tag","embeddable":true,"href":"https:\/\/gocceditalia.it\/de\/wp-json\/wp\/v2\/product_tag?post=23479"}],"curies":[{"name":"wp","href":"https:\/\/api.w.org\/{rel}","templated":true}]}}