{"id":24575,"date":"2025-10-14T19:01:23","date_gmt":"2025-10-15T13:34:47","guid":{"rendered":"https:\/\/gocceditalia.it\/?post_type=product&#038;p=24575"},"modified":"2025-10-15T15:34:47","modified_gmt":"2025-10-15T13:34:47","slug":"box-prestige-gran-natale","status":"publish","type":"product","link":"https:\/\/gocceditalia.it\/de\/box-prestige-gran-natale\/","title":{"rendered":"Box &#8211; Prestige Gran Natale"},"content":{"rendered":"","protected":false},"excerpt":{"rendered":"<p data-start=\"1005\" data-end=\"1327\"><strong data-start=\"1005\" data-end=\"1046\">Verschenken Sie Genuss zu Weihnachten<\/strong> mit unserer <em data-start=\"1059\" data-end=\"1085\">Prestige Gran Natale Box<\/em> \u2013 einer Auswahl italienischer K\u00f6stlichkeiten f\u00fcr alle, die authentische Aromen lieben und die Feiertage mit hochwertigen Produkten feiern m\u00f6chten. Perfekt als Geschenk oder um Ihre festlichen Mittag- und Abendessen unvergesslich zu machen.<\/p>\n<p data-start=\"1329\" data-end=\"1351\"><strong data-start=\"1329\" data-end=\"1349\">Die Box enth\u00e4lt:<\/strong><\/p>\n<ul data-start=\"1352\" data-end=\"1681\">\n<li data-start=\"1352\" data-end=\"1410\">\n<p data-start=\"1354\" data-end=\"1410\">Garda Bresciano D.O.P. Natives Oliven\u00f6l Extra \u2013 0,50 L<\/p>\n<\/li>\n<li data-start=\"1411\" data-end=\"1433\">\n<p data-start=\"1413\" data-end=\"1433\">Olivenpat\u00e9 \u2013 180 g<\/p>\n<\/li>\n<li data-start=\"1434\" data-end=\"1460\">\n<p data-start=\"1436\" data-end=\"1460\">Zitronenoliven \u2013 280 g<\/p>\n<\/li>\n<li data-start=\"1461\" data-end=\"1488\">\n<p data-start=\"1463\" data-end=\"1488\">Bio-Balsamcreme \u2013 50 ml<\/p>\n<\/li>\n<li data-start=\"1489\" data-end=\"1509\">\n<p data-start=\"1491\" data-end=\"1509\">Calamarata-Pasta<\/p>\n<\/li>\n<li data-start=\"1510\" data-end=\"1537\">\n<p data-start=\"1512\" data-end=\"1537\">Basilikum-Pesto \u2013 180 g<\/p>\n<\/li>\n<li data-start=\"1538\" data-end=\"1562\">\n<p data-start=\"1540\" data-end=\"1562\">Lugana-Wein \u2013 0,70 L<\/p>\n<\/li>\n<li data-start=\"1563\" data-end=\"1586\">\n<p data-start=\"1565\" data-end=\"1586\">Limoncello \u2013 0,50 L<\/p>\n<\/li>\n<li data-start=\"1587\" data-end=\"1606\">\n<p data-start=\"1589\" data-end=\"1606\">Feigenkonfit\u00fcre<\/p>\n<\/li>\n<li data-start=\"1607\" data-end=\"1681\">\n<p data-start=\"1609\" data-end=\"1681\">Handwerklicher Manestrini-Panettone mit nativem Oliven\u00f6l Extra \u2013 500 g<\/p>\n<\/li>\n<\/ul>\n<p data-start=\"1683\" data-end=\"1836\"><strong data-start=\"1683\" data-end=\"1697\">Inklusive:<\/strong><br data-start=\"1697\" data-end=\"1700\" \/>\ud83d\udcd6 <em data-start=\"1703\" data-end=\"1727\">Das Festtagsrezeptbuch<\/em> mit Ideen und Inspirationen f\u00fcr besondere Men\u00fcs<br data-start=\"1775\" data-end=\"1778\" \/>\ud83c\udf81 <em data-start=\"1781\" data-end=\"1810\">Elegante Geschenkverpackung<\/em>, fertig zum Verschenken<\/p>\n","protected":false},"featured_media":24210,"template":"","meta":{"_acf_changed":false},"product_brand":[],"product_cat":[849],"product_tag":[605,886,1024],"class_list":{"0":"post-24575","1":"product","2":"type-product","3":"status-publish","4":"has-post-thumbnail","6":"product_cat-weihnachtsauswahl","7":"product_tag-eccellenze-italiane-de","8":"product_tag-limoncello-de","9":"product_tag-manestrini-de","11":"first","12":"instock","13":"taxable","14":"shipping-taxable","15":"purchasable","16":"product-type-simple"},"acf":[],"_links":{"self":[{"href":"https:\/\/gocceditalia.it\/de\/wp-json\/wp\/v2\/product\/24575","targetHints":{"allow":["GET"]}}],"collection":[{"href":"https:\/\/gocceditalia.it\/de\/wp-json\/wp\/v2\/product"}],"about":[{"href":"https:\/\/gocceditalia.it\/de\/wp-json\/wp\/v2\/types\/product"}],"version-history":[{"count":1,"href":"https:\/\/gocceditalia.it\/de\/wp-json\/wp\/v2\/product\/24575\/revisions"}],"predecessor-version":[{"id":24580,"href":"https:\/\/gocceditalia.it\/de\/wp-json\/wp\/v2\/product\/24575\/revisions\/24580"}],"wp:featuredmedia":[{"embeddable":true,"href":"https:\/\/gocceditalia.it\/de\/wp-json\/wp\/v2\/media\/24210"}],"wp:attachment":[{"href":"https:\/\/gocceditalia.it\/de\/wp-json\/wp\/v2\/media?parent=24575"}],"wp:term":[{"taxonomy":"product_brand","embeddable":true,"href":"https:\/\/gocceditalia.it\/de\/wp-json\/wp\/v2\/product_brand?post=24575"},{"taxonomy":"product_cat","embeddable":true,"href":"https:\/\/gocceditalia.it\/de\/wp-json\/wp\/v2\/product_cat?post=24575"},{"taxonomy":"product_tag","embeddable":true,"href":"https:\/\/gocceditalia.it\/de\/wp-json\/wp\/v2\/product_tag?post=24575"}],"curies":[{"name":"wp","href":"https:\/\/api.w.org\/{rel}","templated":true}]}}