{"id":24582,"date":"2025-10-14T18:56:28","date_gmt":"2025-10-15T13:37:37","guid":{"rendered":"https:\/\/gocceditalia.it\/?post_type=product&#038;p=24582"},"modified":"2025-10-15T15:43:01","modified_gmt":"2025-10-15T13:43:01","slug":"box-collezione-gourmet","status":"publish","type":"product","link":"https:\/\/gocceditalia.it\/de\/box-collezione-gourmet\/","title":{"rendered":"Box &#8211; Collezione Gourmet"},"content":{"rendered":"","protected":false},"excerpt":{"rendered":"<p data-start=\"944\" data-end=\"1184\"><strong data-start=\"944\" data-end=\"993\">Entdecken Sie den Genuss italienischer Aromen<\/strong> mit unserer <em data-start=\"1006\" data-end=\"1030\">Collezione Gourmet Box<\/em> \u2013 einer Auswahl handwerklicher Spezialit\u00e4ten, die daf\u00fcr gedacht ist, Ihre Liebsten zu \u00fcberraschen oder Ihre Genussmomente am Tisch besonders zu machen.<\/p>\n<p data-start=\"1186\" data-end=\"1208\"><strong data-start=\"1186\" data-end=\"1206\">Die Box enth\u00e4lt:<\/strong><\/p>\n<ul data-start=\"1209\" data-end=\"1591\">\n<li data-start=\"1209\" data-end=\"1253\">\n<p data-start=\"1211\" data-end=\"1253\">Natives Oliven\u00f6l Extra Casaliva \u2013 0,25 L<\/p>\n<\/li>\n<li data-start=\"1254\" data-end=\"1283\">\n<p data-start=\"1256\" data-end=\"1283\">Gr\u00fcnes Olivenpat\u00e9 \u2013 180 g<\/p>\n<\/li>\n<li data-start=\"1284\" data-end=\"1319\">\n<p data-start=\"1286\" data-end=\"1319\">Getrocknete Tomaten in Oliven\u00f6l<\/p>\n<\/li>\n<li data-start=\"1320\" data-end=\"1358\">\n<p data-start=\"1322\" data-end=\"1358\">Gegrillte Artischocken in Oliven\u00f6l<\/p>\n<\/li>\n<li data-start=\"1359\" data-end=\"1377\">\n<p data-start=\"1361\" data-end=\"1377\">Trottole-Pasta<\/p>\n<\/li>\n<li data-start=\"1378\" data-end=\"1393\">\n<p data-start=\"1380\" data-end=\"1393\">Olivensauce<\/p>\n<\/li>\n<li data-start=\"1394\" data-end=\"1448\">\n<p data-start=\"1396\" data-end=\"1448\">Zitronenw\u00fcrz\u00f6l mit nativem Oliven\u00f6l Extra \u2013 100 ml<\/p>\n<\/li>\n<li data-start=\"1449\" data-end=\"1488\">\n<p data-start=\"1451\" data-end=\"1488\">Wei\u00dfe Schokolade mit Zitrusfr\u00fcchten<\/p>\n<\/li>\n<li data-start=\"1489\" data-end=\"1563\">\n<p data-start=\"1491\" data-end=\"1563\">Handwerklicher Manestrini-Panettone mit nativem Oliven\u00f6l Extra \u2013 200 g<\/p>\n<\/li>\n<li data-start=\"1564\" data-end=\"1591\">\n<p data-start=\"1566\" data-end=\"1591\">Chiaretto-Wein \u2013 0,70 L<\/p>\n<\/li>\n<\/ul>\n<p data-start=\"1593\" data-end=\"1756\"><strong data-start=\"1593\" data-end=\"1607\">Inklusive:<\/strong><br data-start=\"1607\" data-end=\"1610\" \/>\ud83d\udcd6 <em data-start=\"1613\" data-end=\"1637\">Das Festtagsrezeptbuch<\/em> mit Ideen und Tipps zur optimalen Verwendung der Produkte<br data-start=\"1695\" data-end=\"1698\" \/>\ud83c\udf81 <em data-start=\"1701\" data-end=\"1730\">Elegante Geschenkverpackung<\/em>, fertig zum Verschenken<\/p>\n","protected":false},"featured_media":24201,"template":"","meta":{"_acf_changed":false},"product_brand":[],"product_cat":[849],"product_tag":[1024],"class_list":{"0":"post-24582","1":"product","2":"type-product","3":"status-publish","4":"has-post-thumbnail","6":"product_cat-weihnachtsauswahl","7":"product_tag-manestrini-de","9":"first","10":"instock","11":"taxable","12":"shipping-taxable","13":"purchasable","14":"product-type-simple"},"acf":[],"_links":{"self":[{"href":"https:\/\/gocceditalia.it\/de\/wp-json\/wp\/v2\/product\/24582","targetHints":{"allow":["GET"]}}],"collection":[{"href":"https:\/\/gocceditalia.it\/de\/wp-json\/wp\/v2\/product"}],"about":[{"href":"https:\/\/gocceditalia.it\/de\/wp-json\/wp\/v2\/types\/product"}],"version-history":[{"count":1,"href":"https:\/\/gocceditalia.it\/de\/wp-json\/wp\/v2\/product\/24582\/revisions"}],"predecessor-version":[{"id":24584,"href":"https:\/\/gocceditalia.it\/de\/wp-json\/wp\/v2\/product\/24582\/revisions\/24584"}],"wp:featuredmedia":[{"embeddable":true,"href":"https:\/\/gocceditalia.it\/de\/wp-json\/wp\/v2\/media\/24201"}],"wp:attachment":[{"href":"https:\/\/gocceditalia.it\/de\/wp-json\/wp\/v2\/media?parent=24582"}],"wp:term":[{"taxonomy":"product_brand","embeddable":true,"href":"https:\/\/gocceditalia.it\/de\/wp-json\/wp\/v2\/product_brand?post=24582"},{"taxonomy":"product_cat","embeddable":true,"href":"https:\/\/gocceditalia.it\/de\/wp-json\/wp\/v2\/product_cat?post=24582"},{"taxonomy":"product_tag","embeddable":true,"href":"https:\/\/gocceditalia.it\/de\/wp-json\/wp\/v2\/product_tag?post=24582"}],"curies":[{"name":"wp","href":"https:\/\/api.w.org\/{rel}","templated":true}]}}