{"id":24672,"date":"2025-10-13T14:54:24","date_gmt":"2025-10-16T16:18:29","guid":{"rendered":"https:\/\/gocceditalia.it\/?post_type=product&#038;p=24672"},"modified":"2025-10-16T18:18:29","modified_gmt":"2025-10-16T16:18:29","slug":"box-100-italiano-biologico","status":"publish","type":"product","link":"https:\/\/gocceditalia.it\/de\/box-100-italiano-biologico\/","title":{"rendered":"Box &#8211; 100% Italiano Biologico"},"content":{"rendered":"","protected":false},"excerpt":{"rendered":"<p>Schenken Sie die Reinheit der Natur. Diese elegante Box ist eine Hommage an die nachhaltige Landwirtschaft und den authentischen Geschmack, gedacht f\u00fcr diejenigen, die kompromisslose Qualit\u00e4t w\u00e4hlen.<\/p>\n<p><b>Inhalt:<\/b><\/p>\n<ul>\n<li><b>Natives Bio-Oliven\u00f6l Extra, 100% italienisch (1 l):<\/b> Ein hochwertiges EVO-\u00d6l, hergestellt aus Oliven, die nach strengen biologischen Anbaurichtlinien angebaut werden. Kaltgepresst, um seinen fruchtigen Geschmack und all seine wertvollen N\u00e4hrwerte zu erhalten.<\/li>\n<li><b>Elegante Geschenkverpackung:<\/b> Eine edle Schachtel mit Schleife, bereit zu \u00fcberraschen.<\/li>\n<\/ul>\n<p>Perfekt f\u00fcr ein stilvolles Geschenk, das von Wohlbefinden, Respekt f\u00fcr die Umwelt und der Liebe zur gesunden K\u00fcche zeugt.<\/p>\n","protected":false},"featured_media":23988,"template":"","meta":{"_acf_changed":false},"product_brand":[],"product_cat":[849],"product_tag":[592,1211],"class_list":{"0":"post-24672","1":"product","2":"type-product","3":"status-publish","4":"has-post-thumbnail","6":"product_cat-weihnachtsauswahl","7":"product_tag-eccellenza-italiana-de","8":"product_tag-made-in-italy-de","10":"first","11":"instock","12":"taxable","13":"shipping-taxable","14":"purchasable","15":"product-type-simple"},"acf":[],"_links":{"self":[{"href":"https:\/\/gocceditalia.it\/de\/wp-json\/wp\/v2\/product\/24672","targetHints":{"allow":["GET"]}}],"collection":[{"href":"https:\/\/gocceditalia.it\/de\/wp-json\/wp\/v2\/product"}],"about":[{"href":"https:\/\/gocceditalia.it\/de\/wp-json\/wp\/v2\/types\/product"}],"version-history":[{"count":1,"href":"https:\/\/gocceditalia.it\/de\/wp-json\/wp\/v2\/product\/24672\/revisions"}],"predecessor-version":[{"id":24673,"href":"https:\/\/gocceditalia.it\/de\/wp-json\/wp\/v2\/product\/24672\/revisions\/24673"}],"wp:featuredmedia":[{"embeddable":true,"href":"https:\/\/gocceditalia.it\/de\/wp-json\/wp\/v2\/media\/23988"}],"wp:attachment":[{"href":"https:\/\/gocceditalia.it\/de\/wp-json\/wp\/v2\/media?parent=24672"}],"wp:term":[{"taxonomy":"product_brand","embeddable":true,"href":"https:\/\/gocceditalia.it\/de\/wp-json\/wp\/v2\/product_brand?post=24672"},{"taxonomy":"product_cat","embeddable":true,"href":"https:\/\/gocceditalia.it\/de\/wp-json\/wp\/v2\/product_cat?post=24672"},{"taxonomy":"product_tag","embeddable":true,"href":"https:\/\/gocceditalia.it\/de\/wp-json\/wp\/v2\/product_tag?post=24672"}],"curies":[{"name":"wp","href":"https:\/\/api.w.org\/{rel}","templated":true}]}}