{"id":24804,"date":"2025-10-13T14:54:55","date_gmt":"2025-10-22T14:22:08","guid":{"rendered":"https:\/\/gocceditalia.it\/?post_type=product&#038;p=24804"},"modified":"2025-10-22T16:22:09","modified_gmt":"2025-10-22T14:22:09","slug":"box-lankama-natives-olivenoel-extra","status":"publish","type":"product","link":"https:\/\/gocceditalia.it\/de\/box-lankama-natives-olivenoel-extra\/","title":{"rendered":"Box &#8211; Lankama Natives Oliven\u00f6l Extra"},"content":{"rendered":"","protected":false},"excerpt":{"rendered":"<p data-start=\"928\" data-end=\"960\"><strong data-start=\"928\" data-end=\"958\">Diese Geschenkbox enth\u00e4lt:<\/strong><\/p>\n<ul data-start=\"961\" data-end=\"1048\">\n<li data-start=\"961\" data-end=\"1007\">\n<p data-start=\"963\" data-end=\"1007\">Natives Oliven\u00f6l Extra EVO <em data-start=\"990\" data-end=\"999\">LANKAMA<\/em> 0,5 L<\/p>\n<\/li>\n<li data-start=\"1008\" data-end=\"1048\">\n<p data-start=\"1010\" data-end=\"1048\">Schachtel mit 1 Flasche und Schleife<\/p>\n<\/li>\n<\/ul>\n<p data-start=\"1050\" data-end=\"1232\">Ein Teil des Erl\u00f6ses wird an <strong data-start=\"1079\" data-end=\"1096\">LANKAMA ONLUS<\/strong> gespendet, eine Organisation, die das Wachstum und die Ausbildung von Waisenkindern in mehreren D\u00f6rfern im S\u00fcden Indiens unterst\u00fctzt.<\/p>\n<p data-start=\"1234\" data-end=\"1280\"><em data-start=\"1234\" data-end=\"1280\">Abbildung dient nur zu Illustrationszwecken.<\/em><\/p>\n","protected":false},"featured_media":24177,"template":"","meta":{"_acf_changed":false},"product_brand":[],"product_cat":[849],"product_tag":[1323,1211],"class_list":{"0":"post-24804","1":"product","2":"type-product","3":"status-publish","4":"has-post-thumbnail","6":"product_cat-weihnachtsauswahl","7":"product_tag-lankama-onlus-de","8":"product_tag-made-in-italy-de","10":"first","11":"instock","12":"taxable","13":"shipping-taxable","14":"purchasable","15":"product-type-simple"},"acf":[],"_links":{"self":[{"href":"https:\/\/gocceditalia.it\/de\/wp-json\/wp\/v2\/product\/24804","targetHints":{"allow":["GET"]}}],"collection":[{"href":"https:\/\/gocceditalia.it\/de\/wp-json\/wp\/v2\/product"}],"about":[{"href":"https:\/\/gocceditalia.it\/de\/wp-json\/wp\/v2\/types\/product"}],"version-history":[{"count":2,"href":"https:\/\/gocceditalia.it\/de\/wp-json\/wp\/v2\/product\/24804\/revisions"}],"predecessor-version":[{"id":24806,"href":"https:\/\/gocceditalia.it\/de\/wp-json\/wp\/v2\/product\/24804\/revisions\/24806"}],"wp:featuredmedia":[{"embeddable":true,"href":"https:\/\/gocceditalia.it\/de\/wp-json\/wp\/v2\/media\/24177"}],"wp:attachment":[{"href":"https:\/\/gocceditalia.it\/de\/wp-json\/wp\/v2\/media?parent=24804"}],"wp:term":[{"taxonomy":"product_brand","embeddable":true,"href":"https:\/\/gocceditalia.it\/de\/wp-json\/wp\/v2\/product_brand?post=24804"},{"taxonomy":"product_cat","embeddable":true,"href":"https:\/\/gocceditalia.it\/de\/wp-json\/wp\/v2\/product_cat?post=24804"},{"taxonomy":"product_tag","embeddable":true,"href":"https:\/\/gocceditalia.it\/de\/wp-json\/wp\/v2\/product_tag?post=24804"}],"curies":[{"name":"wp","href":"https:\/\/api.w.org\/{rel}","templated":true}]}}