{"id":24812,"date":"2025-10-13T14:54:25","date_gmt":"2025-10-22T14:25:56","guid":{"rendered":"https:\/\/gocceditalia.it\/?post_type=product&#038;p=24812"},"modified":"2025-10-22T16:25:56","modified_gmt":"2025-10-22T14:25:56","slug":"box-natives-olivenoel-extra-garda-bresciano-d-o-p","status":"publish","type":"product","link":"https:\/\/gocceditalia.it\/de\/box-natives-olivenoel-extra-garda-bresciano-d-o-p\/","title":{"rendered":"Box &#8211; Natives Oliven\u00f6l Extra Garda Bresciano D.O.P."},"content":{"rendered":"","protected":false},"excerpt":{"rendered":"<p data-start=\"1098\" data-end=\"1130\"><strong data-start=\"1098\" data-end=\"1128\">Diese Geschenkbox enth\u00e4lt:<\/strong><\/p>\n<ul data-start=\"1131\" data-end=\"1229\">\n<li data-start=\"1131\" data-end=\"1188\">\n<p data-start=\"1133\" data-end=\"1188\">Natives Oliven\u00f6l Extra <em data-start=\"1156\" data-end=\"1180\">Garda Bresciano D.O.P.<\/em> 0,5 L<\/p>\n<\/li>\n<li data-start=\"1189\" data-end=\"1229\">\n<p data-start=\"1191\" data-end=\"1229\">Schachtel mit 1 Flasche und Schleife<\/p>\n<\/li>\n<\/ul>\n<p data-start=\"1231\" data-end=\"1473\">Ein hochwertiges natives Oliven\u00f6l Extra D.O.P. Garda Bresciano, hergestellt aus sorgf\u00e4ltig ausgew\u00e4hlten Oliven nach traditioneller Methode. Ideal als Geschenk oder zur Bereicherung des eigenen Tisches mit einem echten italienischen Produkt.<\/p>\n<p data-start=\"1475\" data-end=\"1521\"><em data-start=\"1475\" data-end=\"1521\">Abbildung dient nur zu Illustrationszwecken.<\/em><\/p>\n","protected":false},"featured_media":24104,"template":"","meta":{"_acf_changed":false},"product_brand":[],"product_cat":[849],"product_tag":[1292,1211],"class_list":{"0":"post-24812","1":"product","2":"type-product","3":"status-publish","4":"has-post-thumbnail","6":"product_cat-weihnachtsauswahl","7":"product_tag-5l","8":"product_tag-made-in-italy-de","10":"first","11":"instock","12":"taxable","13":"shipping-taxable","14":"purchasable","15":"product-type-simple"},"acf":[],"_links":{"self":[{"href":"https:\/\/gocceditalia.it\/de\/wp-json\/wp\/v2\/product\/24812","targetHints":{"allow":["GET"]}}],"collection":[{"href":"https:\/\/gocceditalia.it\/de\/wp-json\/wp\/v2\/product"}],"about":[{"href":"https:\/\/gocceditalia.it\/de\/wp-json\/wp\/v2\/types\/product"}],"version-history":[{"count":1,"href":"https:\/\/gocceditalia.it\/de\/wp-json\/wp\/v2\/product\/24812\/revisions"}],"predecessor-version":[{"id":24813,"href":"https:\/\/gocceditalia.it\/de\/wp-json\/wp\/v2\/product\/24812\/revisions\/24813"}],"wp:featuredmedia":[{"embeddable":true,"href":"https:\/\/gocceditalia.it\/de\/wp-json\/wp\/v2\/media\/24104"}],"wp:attachment":[{"href":"https:\/\/gocceditalia.it\/de\/wp-json\/wp\/v2\/media?parent=24812"}],"wp:term":[{"taxonomy":"product_brand","embeddable":true,"href":"https:\/\/gocceditalia.it\/de\/wp-json\/wp\/v2\/product_brand?post=24812"},{"taxonomy":"product_cat","embeddable":true,"href":"https:\/\/gocceditalia.it\/de\/wp-json\/wp\/v2\/product_cat?post=24812"},{"taxonomy":"product_tag","embeddable":true,"href":"https:\/\/gocceditalia.it\/de\/wp-json\/wp\/v2\/product_tag?post=24812"}],"curies":[{"name":"wp","href":"https:\/\/api.w.org\/{rel}","templated":true}]}}