{"id":6128,"date":"2020-11-19T10:08:50","date_gmt":"2020-11-19T09:08:50","guid":{"rendered":"https:\/\/gocceditalia.it\/prodotti\/unkategorisiert\/olio-extra-vergine-di-oliva-100-italiano-2\/"},"modified":"2026-01-31T14:52:43","modified_gmt":"2026-01-31T13:52:43","slug":"100-italienisches-natives-olivenoel-extra","status":"publish","type":"product","link":"https:\/\/gocceditalia.it\/de\/100-italienisches-natives-olivenoel-extra\/","title":{"rendered":"100% Italienisches Natives Oliven\u00f6l Extra"},"content":{"rendered":"<p><strong>Ernte und Mahlzeit: <\/strong>von Ende Oktober bis Ende November.<\/p>\n<p><strong>Zeit von der Ernte bis zum Mahlen:<\/strong> 24 Stunden \/ 36 Stunden.<\/p>\n<p><strong>Fr\u00e4smethode:<\/strong> kontinuierlicher Zyklus mit Hammerbrecher und Fliehkraftdekanter, bei dem kein \u00d6l in den Abscheider geleitet werden muss. Kaltextraktion.<\/p>\n<p><strong>S\u00e4ure:<\/strong> Durch rechtzeitiges Sammeln und Pressen der Oliven kann ein \u00d6l mit sehr geringem S\u00e4uregehalt (0,2% \u2013 0,4%) erhalten werden.<\/p>\n","protected":false},"excerpt":{"rendered":"<p>Ein Natives Oliven\u00f6l Extra, das verschiedene italienische Sorten vereint, um Best\u00e4ndigkeit und Vielseitigkeit zu garantieren. Die Mischung aus milden Sorten (Casaliva, Leccino) und kr\u00e4ftigeren Sorten (Moraiolo, Frantoio) schafft ein sehr stabiles \u00d6l. Es ist die perfekte Wahl f\u00fcr den Alltag: geschmackvoll genug zum W\u00fcrzen, aber widerstandsf\u00e4hig und zuverl\u00e4ssig am Herd zum <b data-path-to-node=\"22\" data-index-in-node=\"395\">Kochen und Braten<\/b> auf gesunde Weise.<\/p>\n","protected":false},"featured_media":13874,"template":"","meta":{"_acf_changed":false},"product_brand":[],"product_cat":[321],"product_tag":[1464,1468,1469,1465,1470,1007,1466,1467],"class_list":{"0":"post-6128","1":"product","2":"type-product","3":"status-publish","4":"has-post-thumbnail","6":"product_cat-italienisches-natives-olivenoel-extra","7":"product_tag-100-italienisches-olivenoel","8":"product_tag-alltagskueche","9":"product_tag-hitzebestaendig","10":"product_tag-mittelfruchtig","11":"product_tag-multivarietal-blend-de","12":"product_tag-natives-olivenoel-extra","13":"product_tag-oel-zum-braten","14":"product_tag-oel-zum-frittieren","15":"pa_confezione-1-flasche","16":"pa_confezione-6-flaschen","17":"pa_formato-0250-lt-de-2","18":"pa_formato-0500-lt-de-2","19":"pa_formato-0750-lt-de-2","20":"pa_formato-1-lt-de-2","21":"pa_formato-2-lt-lattina-de","22":"pa_formato-3-lt-lattina-de","23":"pa_formato-5-lt-lattina-de","25":"first","26":"instock","27":"taxable","28":"shipping-taxable","29":"purchasable","30":"product-type-variable","31":"has-default-attributes"},"acf":[],"_links":{"self":[{"href":"https:\/\/gocceditalia.it\/de\/wp-json\/wp\/v2\/product\/6128","targetHints":{"allow":["GET"]}}],"collection":[{"href":"https:\/\/gocceditalia.it\/de\/wp-json\/wp\/v2\/product"}],"about":[{"href":"https:\/\/gocceditalia.it\/de\/wp-json\/wp\/v2\/types\/product"}],"version-history":[{"count":6,"href":"https:\/\/gocceditalia.it\/de\/wp-json\/wp\/v2\/product\/6128\/revisions"}],"predecessor-version":[{"id":6137,"href":"https:\/\/gocceditalia.it\/de\/wp-json\/wp\/v2\/product\/6128\/revisions\/6137"}],"wp:featuredmedia":[{"embeddable":true,"href":"https:\/\/gocceditalia.it\/de\/wp-json\/wp\/v2\/media\/13874"}],"wp:attachment":[{"href":"https:\/\/gocceditalia.it\/de\/wp-json\/wp\/v2\/media?parent=6128"}],"wp:term":[{"taxonomy":"product_brand","embeddable":true,"href":"https:\/\/gocceditalia.it\/de\/wp-json\/wp\/v2\/product_brand?post=6128"},{"taxonomy":"product_cat","embeddable":true,"href":"https:\/\/gocceditalia.it\/de\/wp-json\/wp\/v2\/product_cat?post=6128"},{"taxonomy":"product_tag","embeddable":true,"href":"https:\/\/gocceditalia.it\/de\/wp-json\/wp\/v2\/product_tag?post=6128"}],"curies":[{"name":"wp","href":"https:\/\/api.w.org\/{rel}","templated":true}]}}