{"id":6292,"date":"2021-07-01T15:42:28","date_gmt":"2021-07-01T13:42:28","guid":{"rendered":"https:\/\/gocceditalia.it\/prodotti\/unkategorisiert\/olive-denocciolate\/"},"modified":"2021-12-20T17:25:39","modified_gmt":"2021-12-20T16:25:39","slug":"olive-denocciolate","status":"publish","type":"product","link":"https:\/\/gocceditalia.it\/de\/olive-denocciolate\/","title":{"rendered":"entkernte Oliven"},"content":{"rendered":"<p><strong>Zutaten:<\/strong> Oliven 61%, Oliven\u00f6l extra vergine 36%, Salz, nat\u00fcrliche Aromen, S\u00e4ureregulator: Zitronens\u00e4ure.<\/p>\n<p>.<\/p>\n","protected":false},"excerpt":{"rendered":"<h3>180gr<\/h3>\n<p>Entkernte Oliven in \u00d6l, perfekt f\u00fcr einen Aperitif, zur Anreicherung von Salaten oder zur Verwendung f\u00fcr einen ersten Gang mit einem einfachen und entscheidenden Geschmack.<\/p>\n","protected":false},"featured_media":3732,"template":"","meta":{"_acf_changed":false},"product_brand":[],"product_cat":[337],"product_tag":[322,323,335],"class_list":{"0":"post-6292","1":"product","2":"type-product","3":"status-publish","4":"has-post-thumbnail","6":"product_cat-italienische-antipasti","7":"product_tag-frantoio-manestrini-de","8":"product_tag-lombardei","9":"product_tag-valtenesi-de","11":"first","12":"outofstock","13":"taxable","14":"shipping-taxable","15":"purchasable","16":"product-type-simple"},"acf":[],"_links":{"self":[{"href":"https:\/\/gocceditalia.it\/de\/wp-json\/wp\/v2\/product\/6292","targetHints":{"allow":["GET"]}}],"collection":[{"href":"https:\/\/gocceditalia.it\/de\/wp-json\/wp\/v2\/product"}],"about":[{"href":"https:\/\/gocceditalia.it\/de\/wp-json\/wp\/v2\/types\/product"}],"version-history":[{"count":2,"href":"https:\/\/gocceditalia.it\/de\/wp-json\/wp\/v2\/product\/6292\/revisions"}],"predecessor-version":[{"id":6294,"href":"https:\/\/gocceditalia.it\/de\/wp-json\/wp\/v2\/product\/6292\/revisions\/6294"}],"wp:featuredmedia":[{"embeddable":true,"href":"https:\/\/gocceditalia.it\/de\/wp-json\/wp\/v2\/media\/3732"}],"wp:attachment":[{"href":"https:\/\/gocceditalia.it\/de\/wp-json\/wp\/v2\/media?parent=6292"}],"wp:term":[{"taxonomy":"product_brand","embeddable":true,"href":"https:\/\/gocceditalia.it\/de\/wp-json\/wp\/v2\/product_brand?post=6292"},{"taxonomy":"product_cat","embeddable":true,"href":"https:\/\/gocceditalia.it\/de\/wp-json\/wp\/v2\/product_cat?post=6292"},{"taxonomy":"product_tag","embeddable":true,"href":"https:\/\/gocceditalia.it\/de\/wp-json\/wp\/v2\/product_tag?post=6292"}],"curies":[{"name":"wp","href":"https:\/\/api.w.org\/{rel}","templated":true}]}}