{"id":6303,"date":"2020-11-19T10:08:41","date_gmt":"2020-11-19T09:08:41","guid":{"rendered":"https:\/\/gocceditalia.it\/prodotti\/unkategorisiert\/lip-labbra\/"},"modified":"2025-12-02T00:00:08","modified_gmt":"2025-12-01T23:00:08","slug":"lip","status":"publish","type":"product","link":"https:\/\/gocceditalia.it\/de\/lip\/","title":{"rendered":"LIP mit nativem Oliven\u00f6l extra"},"content":{"rendered":"","protected":false},"excerpt":{"rendered":"<p>Sanfte Pflege f\u00fcr sch\u00f6ne Lippen mit der Kombination aus nat\u00fcrlichen Inhaltsstoffen wie nativem Oliven\u00f6l extra, Kakaobutter und Vitamin E. Durch den dezenten Duft wird dieser Stick gerne von Jung und Alt verwendet. Der Sonnenschutzfilter sorgt zus\u00e4tzlich f\u00fcr Schutz vor der Sonne.<\/p>\n<p>Anwendung: Bei Bedarf.<\/p>\n<p>&nbsp;<\/p>\n<p>Stick 5 ml.<\/p>\n","protected":false},"featured_media":3376,"template":"","meta":{"_acf_changed":false},"product_brand":[],"product_cat":[1365,314],"product_tag":[322,323,335],"class_list":{"0":"post-6303","1":"product","2":"type-product","3":"status-publish","4":"has-post-thumbnail","6":"product_cat-black-friday-de","7":"product_cat-italienische-naturkosmetik","8":"product_tag-frantoio-manestrini-de","9":"product_tag-lombardei","10":"product_tag-valtenesi-de","12":"first","13":"instock","14":"taxable","15":"shipping-taxable","16":"purchasable","17":"product-type-simple"},"acf":[],"_links":{"self":[{"href":"https:\/\/gocceditalia.it\/de\/wp-json\/wp\/v2\/product\/6303","targetHints":{"allow":["GET"]}}],"collection":[{"href":"https:\/\/gocceditalia.it\/de\/wp-json\/wp\/v2\/product"}],"about":[{"href":"https:\/\/gocceditalia.it\/de\/wp-json\/wp\/v2\/types\/product"}],"version-history":[{"count":1,"href":"https:\/\/gocceditalia.it\/de\/wp-json\/wp\/v2\/product\/6303\/revisions"}],"predecessor-version":[{"id":6304,"href":"https:\/\/gocceditalia.it\/de\/wp-json\/wp\/v2\/product\/6303\/revisions\/6304"}],"wp:featuredmedia":[{"embeddable":true,"href":"https:\/\/gocceditalia.it\/de\/wp-json\/wp\/v2\/media\/3376"}],"wp:attachment":[{"href":"https:\/\/gocceditalia.it\/de\/wp-json\/wp\/v2\/media?parent=6303"}],"wp:term":[{"taxonomy":"product_brand","embeddable":true,"href":"https:\/\/gocceditalia.it\/de\/wp-json\/wp\/v2\/product_brand?post=6303"},{"taxonomy":"product_cat","embeddable":true,"href":"https:\/\/gocceditalia.it\/de\/wp-json\/wp\/v2\/product_cat?post=6303"},{"taxonomy":"product_tag","embeddable":true,"href":"https:\/\/gocceditalia.it\/de\/wp-json\/wp\/v2\/product_tag?post=6303"}],"curies":[{"name":"wp","href":"https:\/\/api.w.org\/{rel}","templated":true}]}}